{"id":1230,"date":"2019-10-31T08:48:24","date_gmt":"2019-10-31T08:48:24","guid":{"rendered":"https:\/\/bestvision.group\/home\/responsibility\/"},"modified":"2020-03-23T15:29:25","modified_gmt":"2020-03-23T15:29:25","slug":"responsibility","status":"publish","type":"page","link":"https:\/\/bestvision.group\/pt-pt\/home\/responsibility\/","title":{"rendered":"Responsibility"},"content":{"rendered":"\n<h1 class=\"wp-block-heading\">Notas legais<\/h1>\n\n\n\n<h2 class=\"wp-block-heading\"><strong>Termos e condi\u00e7\u00f5es<\/strong> de uso<\/h2>\n\n\n\n<p>O site bestvision.group \u00e9 propriedade exclusiva do Best Vision Group, (doravante referido como &#8220;Best Vision&#8221; ou &#8220;Best Vision Group&#8221;). O acesso e a navega\u00e7\u00e3o no site por usu\u00e1rios individuais \u00e9 gratuito e sujeito \u00e0 aceita\u00e7\u00e3o dos termos e condi\u00e7\u00f5es destes avisos legais. O utilizador reconhece e, em qualquer caso, aceita: (i) que a Best Vision se reserva o direito de modificar os termos e condi\u00e7\u00f5es destas notas legais a qualquer momento, comunicando as modifica\u00e7\u00f5es aos utilizadores atrav\u00e9s de um aviso geral anexo ao site ou atrav\u00e9s de um link para este aviso e (ii) que, a partir do momento de cada aviso geral agora mencionado, as notas legais modificadas constituir\u00e3o os novos termos e condi\u00e7\u00f5es de acesso e navega\u00e7\u00e3o no Site (estas notas legais, como gradualmente as &#8220;Notas Legais&#8221; est\u00e3o sujeitas a modifica\u00e7\u00f5es potenciais cont\u00ednuas). <\/p>\n\n\n\n<p><strong>Lei\nAplic\u00e1vel<\/strong><\/p>\n\n\n\n<p>Para a Europa, as notas legais s\u00e3o regidas pela lei su\u00ed\u00e7a, a Corte de Genebra. <br>Para a Am\u00e9rica, as notas legais s\u00e3o regidas pela lei dos Estados Unidos da Am\u00e9rica, a Corte de Miami.<br>Para a \u00c1frica, as notas legais s\u00e3o regidas pela lei su\u00ed\u00e7a, a Corte de Genebra. <br>Para a \u00c1sia, as notas legais s\u00e3o regidas pela lei su\u00ed\u00e7a, a Corte de Genebra.<br>Para a Austr\u00e1lia, as notas legais s\u00e3o regidas pela lei dos Estados Unidos da Am\u00e9rica, a Corte de Miami.<\/p>\n\n\n\n<p><strong>Direitos de propriedade intelectual<\/strong><\/p>\n\n\n\n<p>\u2022    O conte\u00fado do Site, a t\u00edtulo de exemplo e n\u00e3o limitado aos trabalhos, imagens, fotografias, di\u00e1logos, m\u00fasica, sons, v\u00eddeos, textos e qualquer outro material em qualquer formato, incluindo, a t\u00edtulo de exemplo e n\u00e3o exaustivo, menus, p\u00e1ginas web, gr\u00e1ficos, cores, esquemas, ferramentas, caracteres, desenho, diagramas,  m\u00e9todos, processos, fun\u00e7\u00f5es e software (individualmente e\/ou colectivamente &#8216;Conte\u00fado&#8217;) e os sinais e\/ou logotipos distintivos relativos s\u00e3o propriedade exclusiva da Best Vision ou na sua disponibilidade exclusiva, e em nenhum caso podem ser utilizados de qualquer forma e\/ou forma sem o consentimento pr\u00e9vio por escrito da Best Vision. A menos que seja expressamente indicado o contr\u00e1rio no Site, o Conte\u00fado \u00e9 Voc\u00ea pode assistir e\/ou ouvir apenas no modo &#8216;Streaming&#8217;. Streaming&#8221; significa a modalidade de visualiza\u00e7\u00e3o e\/ou escuta do conte\u00fado em tempo real e sem necessidade e\/ou possibilidade de reprodu\u00e7\u00e3o, tempor\u00e1ria ou permanente, distribui\u00e7\u00e3o, redistribui\u00e7\u00e3o, comunica\u00e7\u00e3o ao p\u00fablico ou outro uso, em qualquer forma ou forma diferente do &#8216;Streaming&#8217; aqui definido.   <br> \u2022    No caso de serem fornecidos c\u00f3digos de liga\u00e7\u00e3o no Site embedded relacionados com conte\u00fados espec\u00edficos, estes c\u00f3digos podem ser utilizados pelos utilizadores apenas para o seu pr\u00f3prio uso directo, pessoal e privado e desde que o referido uso n\u00e3o ocorra para fins de tipo directo ou indirecto. comerciais e \/ ou com fins lucrativos.   <br> \u2022    Qualquer uso de c\u00f3digos e\/ou Conte\u00fado que viole os limites indicados nas Notas Legais, ou que seja contr\u00e1rio \u00e0 lei, \u00e9 ilegal e, portanto, ser\u00e1 comunicada pela Best Vision \u00e0s autoridades competentes .   <br> \u2022     As marcas registradas e logotipos &#8216;Best Vision&#8217;, incluindo o dom\u00ednio do nome &#8216;bestvision.group&#8217;, est\u00e3o dispon\u00edveis exclusivamente para a Best Vision ou para as empresas do Grupo Best Vision. Estas marcas registadas, log\u00f3tipos e dom\u00ednios n\u00e3o podem ser utilizados de forma alguma sem o consentimento pr\u00e9vio por escrito da Best Vision. <\/p>\n\n\n\n<p><strong>Links para outros sites da web<\/strong><\/p>\n\n\n\n<p>\u2022    O Site pode conter links de texto (os &#8216;links&#8217;) para outros sites que n\u00e3o t\u00eam conex\u00e3o com o Site. A Best Vision n\u00e3o controla nem supervisiona estes sites, o seu conte\u00fado e as suas regras.   <br> \u2022    Qualquer link para outros sites n\u00e3o deve ser entendido de forma alguma. como uma atividade da Best Vision para promov\u00ea-los e\/ou o conte\u00fado postado neles.<\/p>\n\n\n\n<p><strong>Cookies<\/strong><\/p>\n\n\n\n<p>O Site pode conter cookies de sess\u00e3o (que n\u00e3o s\u00e3o armazenados permanentemente no computador do usu\u00e1rio e desaparecem quando ele fecha o navegador) para permitir que os usu\u00e1rios utilizem melhor o Site. Para receber Cookies pode configurar seu navegador com a inten\u00e7\u00e3o de ser notificado da presen\u00e7a de cookies e, em seguida, decidir se os aceita ou n\u00e3o. O navegador tamb\u00e9m pode ser configurado para rejeitar automaticamente todos os cookies; neste no entanto, \u00e9 poss\u00edvel que o usu\u00e1rio n\u00e3o possa acessar todos os servi\u00e7os dispon\u00edveis no Site.<\/p>\n\n\n\n<p><strong>Limita\u00e7\u00f5es de responsabilidade<\/strong><\/p>\n\n\n\n<p>\u2022    O usu\u00e1rio reconhece e aceita que seu acesso e navega\u00e7\u00e3o no Site est\u00e3o sob seu pr\u00f3prio risco e sob sua exclusiva responsabilidade.   <br> \u2022     O usu\u00e1rio tamb\u00e9m reconhece e aceita que o Site \u00e9 fornecido &#8220;tal como est\u00e1&#8221; e &#8220;como dispon\u00edvel&#8221; e que pode estar temporariamente inacess\u00edvel ou conter  defeitos ou ter\u00e1 problemas de performance.   <br> \u2022    A Best Vision n\u00e3o assume qualquer responsabilidade pelo conte\u00fado, materiais e\/ou informa\u00e7\u00f5es introduzidas no Site pelos utilizadores nos espa\u00e7os dos programas virtuais que a Best Vision disponibiliza aos utilizadores para a interac\u00e7\u00e3o com o Site (&#8220;Conte\u00fado do utilizador&#8221;).   <br> \u2022    A Best Vision n\u00e3o ser\u00e1 respons\u00e1vel por qualquer perda ou dano decorrente ou relacionado de qualquer forma com o uso ou opera\u00e7\u00e3o do Site, incluindo, entre outros, danos por perda de neg\u00f3cios, perda de lucros, interrup\u00e7\u00e3o de neg\u00f3cios, perda de informa\u00e7\u00f5es comerciais e\/ou qualquer outro tipo de perda pecuni\u00e1ria, exceto em casos de m\u00e1 conduta Neglig\u00eancia intencional ou grosseira da BestVision.<\/p>\n\n\n\n<p><strong>Relat\u00f3rio de abuso<\/strong><\/p>\n\n\n\n<p>\u2022    Utilizadores que tenham identificado qualquer Conte\u00fado de utilizador que considerem ilegal, inapropriado, ofensivo ou vulgar e que informem imediatamente a Best Vision, atrav\u00e9s do preenchimento do formul\u00e1rio de den\u00fancia de abuso dispon\u00edvel no Site, na parte inferior da p\u00e1gina inicial.   <br> \u2022    O utilizador \u00e9 convidado a uma utiliza\u00e7\u00e3o respons\u00e1vel dos seus relat\u00f3rios. Os relat\u00f3rios que se revelarem infundados e\/ou ileg\u00edtimos ser\u00e3o uma fonte de responsabilidade para si.<\/p>\n\n\n\n<p><strong>Lei aplic\u00e1vel<\/strong><\/p>\n\n\n\n<p>As notas legais s\u00e3o regidas pela lei su\u00ed\u00e7a,  a Corte de Genebra. <br>Best Vision Group.<\/p>\n","protected":false},"excerpt":{"rendered":"Notas legais Termos e condi\u00e7\u00f5es de uso O site bestvision.group \u00e9 propriedade exclusiva do Best Vision Group, (doravante referido como &#8220;Best Vision&#8221; ou &#8220;Best Vision Group&#8221;). O acesso e a navega\u00e7\u00e3o no site por usu\u00e1rios individuais \u00e9 gratuito e sujeito \u00e0 aceita\u00e7\u00e3o dos termos e condi\u00e7\u00f5es destes avisos legais. O utilizador reconhece e, em qualquer&#8230; <a class=\"view-article\" href=\"https:\/\/bestvision.group\/pt-pt\/home\/responsibility\/\">View Article<\/a>","protected":false},"author":4,"featured_media":0,"parent":1195,"menu_order":0,"comment_status":"closed","ping_status":"closed","template":"responsibility.php","meta":{"footnotes":""},"class_list":["post-1230","page","type-page","status-publish","hentry"],"_links":{"self":[{"href":"https:\/\/bestvision.group\/pt-pt\/wp-json\/wp\/v2\/pages\/1230"}],"collection":[{"href":"https:\/\/bestvision.group\/pt-pt\/wp-json\/wp\/v2\/pages"}],"about":[{"href":"https:\/\/bestvision.group\/pt-pt\/wp-json\/wp\/v2\/types\/page"}],"author":[{"embeddable":true,"href":"https:\/\/bestvision.group\/pt-pt\/wp-json\/wp\/v2\/users\/4"}],"replies":[{"embeddable":true,"href":"https:\/\/bestvision.group\/pt-pt\/wp-json\/wp\/v2\/comments?post=1230"}],"version-history":[{"count":0,"href":"https:\/\/bestvision.group\/pt-pt\/wp-json\/wp\/v2\/pages\/1230\/revisions"}],"up":[{"embeddable":true,"href":"https:\/\/bestvision.group\/pt-pt\/wp-json\/wp\/v2\/pages\/1195"}],"wp:attachment":[{"href":"https:\/\/bestvision.group\/pt-pt\/wp-json\/wp\/v2\/media?parent=1230"}],"curies":[{"name":"wp","href":"https:\/\/api.w.org\/{rel}","templated":true}]}}