{"id":1225,"date":"2019-10-31T08:23:27","date_gmt":"2019-10-31T08:23:27","guid":{"rendered":"https:\/\/bestvision.group\/home\/privacy-policies\/"},"modified":"2020-05-08T13:08:17","modified_gmt":"2020-05-08T13:08:17","slug":"privacy-policies","status":"publish","type":"page","link":"https:\/\/bestvision.group\/pt-pt\/home\/privacy-policies\/","title":{"rendered":"Privacy-policies"},"content":{"rendered":"\n<h2 class=\"wp-block-heading\">Pol\u00edtica de dados<\/h2>\n\n\n\n<p><strong>POLITICA DE DADOS<\/strong><\/p>\n\n\n\n<p><strong>Objeto:<\/strong> Informa\u00e7\u00e3o de acordo com a arte. 13 da arte. 13 do Regulamento (UE) 679\/2016 e da legisla\u00e7\u00e3o de cada Estado membro da UE.<br> De acordo com a arte. 13 do Regulamento da UE n.2016\/679 (doravante &#8220;GDPR 2016\/679&#8221;) e da legisla\u00e7\u00e3o de cada Estado-Membro da UE (doravante &#8220;C\u00f3digo de Privacidade&#8221;), que estabelece disposi\u00e7\u00f5es para a protec\u00e7\u00e3o de pessoas e outros sujeitos relativamente ao tratamento de dados pessoais, queremos inform\u00e1-lo que os dados pessoais fornecidos ser\u00e3o tratados em conformidade com a referida lei e com as obriga\u00e7\u00f5es de confidencialidade relativamente \u00e0s quais todas as empresas pertencentes ao BEST VISION GROUP s\u00e3o obrigadas a cumprir.<\/p>\n\n\n\n<p><strong>Que dados processamos?<\/strong><br> \u2022    Dados inseridos atrav\u00e9s do preenchimento do formul\u00e1rio de inscri\u00e7\u00e3o (nome, sobrenome, endere\u00e7o e e-mail, n\u00famero de telefone e celular, dados referentes ao seu percurso profissional ou aquelas informa\u00e7\u00f5es que voc\u00ea divulgou no seu curr\u00edculo, bem como em rela\u00e7\u00e3o ao seu estado de sa\u00fade;<br> \u2022    Dados relativos \u00e0 navega\u00e7\u00e3o no nosso website, ex. dados relativos ao tr\u00e1fego, localiza\u00e7\u00e3o, visitas ao website, weblog, endere\u00e7o IP, o sistema operativo e o browser utilizado, cookies;<br> \u2022    Dados que voc\u00ea nos fornece via e-mail, question\u00e1rio, bem como atrav\u00e9s de nossos m\u00f3dulos de contato ou via LinkedIn.<\/p>\n\n\n\n<p><strong>Porque \u00e9 que precisamos dos seus dados?<\/strong><br> Utilizamos os seus dados para acompanhar a sua eventual entrevista para uma vaga na empresa e para a gest\u00e3o da rela\u00e7\u00e3o de trabalho e para fins comerciais.<br> Os seus dados s\u00e3o processados especificamente para:<\/p>\n\n\n\n<ol class=\"wp-block-list\"><li>As actividades relativas \u00e0 intermedia\u00e7\u00e3o entre a oferta e a procura de trabalho <\/li><li>As atividades com fins comerciais, o envio de informa\u00e7\u00f5es e newsletters.<\/li><li>A partilha dos seus dados com os nossos clientes na Su\u00ed\u00e7a e em pa\u00edses terceiros que est\u00e3o em busca de pessoal, bem como com os entidades p\u00fablics e privadas pelos quais o propriet\u00e1rio foi encarregado de uma das actividades mencionadas no ponto 1. Os seus dados s\u00e3o transmitidos \u00e0s organiza\u00e7\u00f5es e particulares na Su\u00ed\u00e7a e em pa\u00edses terceiros que apoiam o propriet\u00e1rio na presta\u00e7\u00e3o de servi\u00e7os, tais como servi\u00e7os de rede, software, publicidade, entre outros .<\/li><li> A partilha dos seus dados com as autoridades respons\u00e1veis pela aplica\u00e7\u00e3o da lei em caso de abuso.<\/li><\/ol>\n\n\n\n<p>  A base legal de tais actividades \u00e9 o cumprimento de requisitos pr\u00e9-contratuais e contratuais relacionados com o servi\u00e7o, bem como a exist\u00eancia de obriga\u00e7\u00f5es legais espec\u00edficas. <\/p>\n\n\n\n<p><strong>Como processamos os seus dados pessoais?<\/strong><br>O processamento dos seus dados pessoais \u00e9 realizado ou digitalmente ou em papel por pessoas autorizadas e treinadas internamente para isso. O processamento desses dados n\u00e3o inclui a tomada de decis\u00e3o automatizada, mas envolve a defini\u00e7\u00e3o de perfis para as actividades relacionadas com a navega\u00e7\u00e3o no site atrav\u00e9s de ferramentas t\u00e9cnicas como os cookies.<\/p>\n\n\n\n<p><strong>Quanto tempo os seus dados s\u00e3o armazenados?<\/strong><br> Os seus dados pessoais ser\u00e3o armazenados durante o tempo necess\u00e1rio para a realiza\u00e7\u00e3o das tarefas relacionadas com a gest\u00e3o do contrato, bem como qualquer obriga\u00e7\u00e3o legal resultante. Os dados armazenados no site do propriet\u00e1rio ser\u00e3o apagados ap\u00f3s 60 meses de inactividade. 6 meses antes da data de vencimento voc\u00ea receber\u00e1 uma notifica\u00e7\u00e3o por e-mail.<br> Os dados daqueles que n\u00e3o compram ou utilizam produtos\/servi\u00e7os, mesmo que tenham tido um contacto pr\u00e9vio com representantes da empresa, ser\u00e3o imediatamente cancelados ou processados anonimamente, quando a sua preserva\u00e7\u00e3o n\u00e3o se justifique de outra forma, a menos que tenha sido validamente adquirido o consentimento informado das partes interessadas relativamente a uma subsequente actividade de promo\u00e7\u00e3o comercial ou de pesquisa de mercado.<br> O per\u00edodo m\u00e1ximo de reten\u00e7\u00e3o de dados \u00e9 de 10 anos.<\/p>\n\n\n\n<p><strong>O que acontece se voc\u00ea n\u00e3o nos fornecer seus dados?<\/strong><br>O fornecimento de dados \u00e9 obrigat\u00f3rio para tudo o que \u00e9 exigido por obriga\u00e7\u00f5es legais e contratuais e, portanto, qualquer recusa em fornec\u00ea-los, no todo ou em parte, pode dar origem \u00e0 impossibilidade de prestar os servi\u00e7os solicitados pelo propriet\u00e1rio. A empresa processa os dados opcionais dos usu\u00e1rios com base no seu consentimento, ou seja, atrav\u00e9s da aprova\u00e7\u00e3o expl\u00edcita desta pol\u00edtica de privacidade e em rela\u00e7\u00e3o aos m\u00e9todos e prop\u00f3sitos descritos abaixo.<\/p>\n\n\n\n<p><strong>Quais s\u00e3o os seus direitos?<\/strong><br> Nos termos do Regulamento Europeu 679\/2016 (GDPR) e da legisla\u00e7\u00e3o nacional, o interessado pode, de acordo com os procedimentos e dentro dos limites estabelecidos pela legisla\u00e7\u00e3o em vigor, exercer os seguintes direitos:<br> \u2022    Solicite a confirma\u00e7\u00e3o do processamento dos seus dados pessoais;<br> \u2022    conhecer a origem, os objectivos e as finalidades do tratamento;<br> \u2022    A possibilidade de actualizar e rectificar os seus dados, de modo a garantir a sua exactid\u00e3o;<br> \u2022    A possibilidade de apagar, na medida do permitido, os seus dados pessoais, bem como de limitar o processamento dos mesmos;<br> \u2022    solicitar a actualiza\u00e7\u00e3o, correc\u00e7\u00e3o, integra\u00e7\u00e3o, cancelamento, transforma\u00e7\u00e3o em forma an\u00f3nima, bloqueio dos dados tratados em viola\u00e7\u00e3o da lei, incluindo os que j\u00e1 n\u00e3o sejam necess\u00e1rios para a prossecu\u00e7\u00e3o das finalidades para as quais foram recolhidos;<br> \u2022    o direito de apresentar uma queixa \u00e0 autoridade de supervis\u00e3o.<br><br>O propriet\u00e1rio do processamento dos seus dados pessoais \u00e9 a Best Vision Group.<\/p>\n\n\n\n<p><strong>Informa\u00e7\u00e3o Legal Importante e Termos de Uso<\/strong><br>As pessoas que acessam este site s\u00e3o gentilmente solicitadas a ler tanto o conte\u00fado desta p\u00e1gina quanto o termo de responsabilidade. Eles se declaram de acordo com as seguintes condi\u00e7\u00f5es de uso, restri\u00e7\u00f5es e restri\u00e7\u00f5es legais. Quem n\u00e3o aceitar o acima exposto n\u00e3o deve acessar a Best Vision Group (Best Vision) Web site (doravante referido como o site Best Vision) nem qualquer uma das p\u00e1ginas e seus links.<\/p>\n\n\n\n<p><strong>Uso do site Best Vision<\/strong><br>O site Best Vision est\u00e1 coberto por direitos autorais. \u00c9 poss\u00edvel fazer o download ou imprimir a partir do site, desde que os direitos autorais n\u00e3o sejam removidos. Sem o consentimento escrito da Best Vision, \u00e9 proibida a reprodu\u00e7\u00e3o (total ou parcial), transfer\u00eancia, modifica\u00e7\u00e3o, cria\u00e7\u00e3o de links ou utiliza\u00e7\u00e3o do site Best Vision para qualquer uso p\u00fablico, privado ou comercial.<br>De vez em quando, a Best Vision pode modificar tanto o conte\u00fado desta p\u00e1gina como os termos do termo de isen\u00e7\u00e3o de responsabilidade. Assim, por favor, reveja-os de vez em quando. O seu acesso continuado a este site ou o estabelecimento de um link para este site ap\u00f3s a publica\u00e7\u00e3o de modifica\u00e7\u00f5es em um deles ou em ambos constituir\u00e1 a sua aceita\u00e7\u00e3o das mesmas, conforme modificado. Se, a qualquer momento, voc\u00ea n\u00e3o quiser aceitar ambos os conte\u00fados desta p\u00e1gina, a isen\u00e7\u00e3o de responsabilidade, ou ambos, voc\u00ea deve interromper o acesso ou o link para este site.<br> Se o uso deste site criar uma rela\u00e7\u00e3o jur\u00eddica entre as pessoas que acessam este site e a Best Vision, ele estar\u00e1 sujeito \u00e0 lei su\u00ed\u00e7a.<\/p>\n\n\n\n<p><strong>Pol\u00edtica de cookies nos sites da BestVision\u00ae.<\/strong><br>A Best Vision utiliza cookies HTTP para simplificar o uso de seus sites na Internet. Esta declara\u00e7\u00e3o de pol\u00edtica \u00e9 para inform\u00e1-lo sobre o uso de cookies em nossos sites da Internet.<\/p>\n\n\n\n<p><strong>O que s\u00e3o cookies?<\/strong><br>Os cookies s\u00e3o pequenos dados enviados de um website e armazenados no navegador do usu\u00e1rio enquanto este navega pelo website. Eles permitem recolher um conjunto de informa\u00e7\u00f5es com o objectivo de melhorar os servi\u00e7os acess\u00edveis atrav\u00e9s dos nossos sites na Internet.<br>Com estas informa\u00e7\u00f5es, \u00e9 poss\u00edvel analisar o tr\u00e1fego nos nossos sites da Internet (n\u00famero de visitas, endere\u00e7os IP, etc.)<br>Estas informa\u00e7\u00f5es s\u00e3o coletadas quando voc\u00ea visita nosso site e nos permite saber quais partes de nossas p\u00e1ginas interessam aos visitantes do site. Assim, podemos ter um melhor conhecimento das necessidades e melhorar o conte\u00fado do nosso site, fornecendo informa\u00e7\u00f5es adequadas.<\/p>\n\n\n\n<p><strong>Como gerir os cookies.<\/strong><br>O procedimento a ser seguido para a parametriza\u00e7\u00e3o dos cookies depende do navegador de internet que voc\u00ea utiliza.<br>Voc\u00ea mesmo pode decidir se o nosso site est\u00e1 autorizado a usar cookies no seu computador. Voc\u00ea tem a op\u00e7\u00e3o de, a qualquer momento, determinar as op\u00e7\u00f5es do seu navegador de tal forma que nenhum cookie seja aceito e memorizado. Voc\u00ea tamb\u00e9m tem a possibilidade de ter uma mensagem de aviso exibida cada vez antes de um cookie ser aceito.<\/p>\n\n\n\n<p><strong>Posso recusar o uso de cookies?<\/strong><br>Voc\u00ea pode se recusar a permitir que nossos sites da Internet utilizem cookies quando os visitar.<br>No entanto, a utiliza\u00e7\u00e3o de certas fun\u00e7\u00f5es no nosso site pode ser limitada ou desactivada se recusar os cookies do nosso site na Internet.<\/p>\n","protected":false},"excerpt":{"rendered":"Pol\u00edtica de dados POLITICA DE DADOS Objeto: Informa\u00e7\u00e3o de acordo com a arte. 13 da arte. 13 do Regulamento (UE) 679\/2016 e da legisla\u00e7\u00e3o de cada Estado membro da UE. De acordo com a arte. 13 do Regulamento da UE n.2016\/679 (doravante &#8220;GDPR 2016\/679&#8221;) e da legisla\u00e7\u00e3o de cada Estado-Membro da UE (doravante &#8220;C\u00f3digo de&#8230; <a class=\"view-article\" href=\"https:\/\/bestvision.group\/pt-pt\/home\/privacy-policies\/\">View Article<\/a>","protected":false},"author":4,"featured_media":0,"parent":1195,"menu_order":0,"comment_status":"closed","ping_status":"closed","template":"privacy.php","meta":{"footnotes":""},"class_list":["post-1225","page","type-page","status-publish","hentry"],"_links":{"self":[{"href":"https:\/\/bestvision.group\/pt-pt\/wp-json\/wp\/v2\/pages\/1225"}],"collection":[{"href":"https:\/\/bestvision.group\/pt-pt\/wp-json\/wp\/v2\/pages"}],"about":[{"href":"https:\/\/bestvision.group\/pt-pt\/wp-json\/wp\/v2\/types\/page"}],"author":[{"embeddable":true,"href":"https:\/\/bestvision.group\/pt-pt\/wp-json\/wp\/v2\/users\/4"}],"replies":[{"embeddable":true,"href":"https:\/\/bestvision.group\/pt-pt\/wp-json\/wp\/v2\/comments?post=1225"}],"version-history":[{"count":0,"href":"https:\/\/bestvision.group\/pt-pt\/wp-json\/wp\/v2\/pages\/1225\/revisions"}],"up":[{"embeddable":true,"href":"https:\/\/bestvision.group\/pt-pt\/wp-json\/wp\/v2\/pages\/1195"}],"wp:attachment":[{"href":"https:\/\/bestvision.group\/pt-pt\/wp-json\/wp\/v2\/media?parent=1225"}],"curies":[{"name":"wp","href":"https:\/\/api.w.org\/{rel}","templated":true}]}}