{"id":1210,"date":"2019-10-31T08:41:40","date_gmt":"2019-10-31T08:41:40","guid":{"rendered":"https:\/\/bestvision.group\/home\/conditions-of-use\/"},"modified":"2020-03-23T14:54:51","modified_gmt":"2020-03-23T14:54:51","slug":"conditions-of-use","status":"publish","type":"page","link":"https:\/\/bestvision.group\/pt-pt\/home\/conditions-of-use\/","title":{"rendered":"Conditions-of-use"},"content":{"rendered":"\n<h2 class=\"wp-block-heading\">Termos e condi\u00e7\u00f5es de uso<\/h2>\n\n\n\n<h4 class=\"wp-block-heading\">Regras gerais e defini\u00e7\u00f5es<\/h4>\n\n\n\n<p>Ao utilizar os servi\u00e7os ligados ao site Best Vision Group (doravante denominados &#8220;os servi\u00e7os&#8221; ou &#8220;o servi\u00e7o&#8221;), o utilizador deve cumprir as condi\u00e7\u00f5es e termos de utiliza\u00e7\u00e3o abaixo definidos. Estas condi\u00e7\u00f5es aplicam-se \u00e0 Best Vision Group administrador do conte\u00fado do site e dos servi\u00e7os relacionados<\/p>\n\n\n\n<p>O Best Vision Group reserva-se o direito de modificar, adicionar ou remover partes destas condi\u00e7\u00f5es, informando os interessados atrav\u00e9s das altera\u00e7\u00f5es de publica\u00e7\u00e3o no site ou por e-mail. \u00c9 necess\u00e1rio que cada utilizador verifique periodicamente estas condi\u00e7\u00f5es para determinar as altera\u00e7\u00f5es que ocorreram ap\u00f3s a \u00faltima consulta do site. Neste caso, a utiliza\u00e7\u00e3o do site e dos seus servi\u00e7os implica a aceita\u00e7\u00e3o das altera\u00e7\u00f5es que entretanto ocorreram.<\/p>\n\n\n\n<p>Se as altera\u00e7\u00f5es n\u00e3o forem aceites, o utilizador pode cancelar a sua conta a qualquer momento, escrevendo para info@bestvision.group  ou enviando uma carta certificada com aviso de recep\u00e7\u00e3o dirigida ao Best Vision Group, apesar de que a utiliza\u00e7\u00e3o continuada dos servi\u00e7os implica a aceita\u00e7\u00e3o das novas condi\u00e7\u00f5es.<\/p>\n\n\n\n<p>O Best Vision Group reserva-se o direito de modificar, suspender ou mesmo interromper parcialmente os servi\u00e7os, incluindo o acesso \u00e0 base de dados ou ao conte\u00fado. O Best Vision Group tamb\u00e9m pode introduzir restri\u00e7\u00f5es de acesso ou de servi\u00e7o, no todo ou em parte, sem aviso pr\u00e9vio e sem assumir a responsabilidade por tal limita\u00e7\u00e3o de servi\u00e7o.<\/p>\n\n\n\n<h4 class=\"wp-block-heading\">Conte\u00fado e servi\u00e7os do site bestvision.group e sua utiliza\u00e7\u00e3o pelos usu\u00e1rios<\/h4>\n\n\n\n<p>Os conte\u00fados e servi\u00e7os do site bestvision.group s\u00e3o destinados a uso pessoal e n\u00e3o profissional. Todos os materiais publicados no site (incluindo, por exemplo, artigos informativos, fotografias, imagens, ilustra\u00e7\u00f5es, grava\u00e7\u00f5es de \u00e1udio e\/ou v\u00eddeo, doravante tamb\u00e9m referidos como &#8220;conte\u00fado&#8221;) s\u00e3o protegidos pelas leis de direitos autorais. e s\u00e3o propriedade da editora ou daqueles que legitimamente t\u00eam direitos relativos. O usu\u00e1rio deve cumprir com qualquer informa\u00e7\u00e3o adicional que possa estar presente no site em rela\u00e7\u00e3o \u00e0 propriedade intelectual dos conte\u00fados acessados atrav\u00e9s dos servi\u00e7os do site.<\/p>\n\n\n\n<p>Os servi\u00e7os do site e seu conte\u00fado s\u00e3o protegidos pelas leis de direitos autorais em vigor na Su\u00ed\u00e7a e na USA e pelas leis internacionais de direitos autorais. O usu\u00e1rio n\u00e3o est\u00e1 autorizado a modificar, publicar, transmitir, compartilhar, transferir em uso por qualquer motivo, reproduzir (al\u00e9m dos limites especificados abaixo), reprocessar, distribuir, executar, dar acesso ou explorar comercialmente os conte\u00fados ou servi\u00e7os de qualquer forma (incluindo software) deste site, mesmo que parcialmente.<\/p>\n\n\n\n<p>O usu\u00e1rio, apenas para uso pessoal, est\u00e1 autorizado a baixar ou copiar o conte\u00fado e qualquer outro material dispon\u00edvel para download atrav\u00e9s dos servi\u00e7os do site, desde que ele informe fielmente todas as indica\u00e7\u00f5es de direitos autorais e outras indica\u00e7\u00f5es informadas no site. A reprodu\u00e7\u00e3o e recolha de qualquer conte\u00fado por motivos que n\u00e3o sejam de uso pessoal \u00e9 expressamente proibida na aus\u00eancia de autoriza\u00e7\u00e3o pr\u00e9via expressa, emitida por escrito pela editora ou pelo detentor dos direitos de autor, conforme indicado no site.<\/p>\n\n\n\n<p>Os conte\u00fados que v\u00eam de ag\u00eancias de imprensa ou outros sites, s\u00e3o publicados pelo editor que n\u00e3o assume qualquer responsabilidade por incompletude, imprecis\u00f5es, erros, omiss\u00f5es quanto \u00e0 integridade da informa\u00e7\u00e3o e n\u00e3o se responsabiliza por quaisquer danos conseq\u00fcentes.<\/p>\n\n\n\n<p>O servi\u00e7o rss que consiste em conte\u00fados de informa\u00e7\u00e3o que podem ser descarregados para o computador atrav\u00e9s de &#8216;programas de agrega\u00e7\u00e3o&#8217;, \u00e9 acess\u00edvel apenas para uso pessoal e est\u00e1 exclu\u00eddo qualquer uso para fins comerciais. Qualquer utiliza\u00e7\u00e3o diferente, incluindo, por exemplo, a inser\u00e7\u00e3o de mensagens publicit\u00e1rias, a combina\u00e7\u00e3o com produtos ou a entrega prolongada para fins publicit\u00e1rios, \u00e9 proibida de qualquer forma. O usu\u00e1rio n\u00e3o pode modificar ou distribuir de forma alguma os servi\u00e7os de rss e as conex\u00f5es que v\u00eam do site bestvision.group a terceiros. O servi\u00e7o rss e conte\u00fados relativos s\u00e3o protegidos pelas leis italianas de direitos autorais e regulamentos internacionais relacionados.<\/p>\n\n\n\n<p>O editor se reserva o direito de interromper o servi\u00e7o rss a qualquer momento e impedir o usu\u00e1rio de usar o material baixado de qualquer forma, sem limita\u00e7\u00f5es e sem aviso pr\u00e9vio. A editora n\u00e3o assume qualquer responsabilidade em rela\u00e7\u00e3o aos conte\u00fados e ao servi\u00e7o rss e sua utiliza\u00e7\u00e3o em rela\u00e7\u00e3o a danos ou limita\u00e7\u00f5es de uso de sites, computadores que tenham utilizado os referidos servi\u00e7os e conte\u00fados. <\/p>\n\n\n\n<h4 class=\"wp-block-heading\">Acesso e disponibilidade de servi\u00e7os. Uso de links<\/h4>\n\n\n\n<p>O site bestvision.group cont\u00e9m links para outros recursos da Internet. A editora n\u00e3o \u00e9 respons\u00e1vel pela acessibilidade e disponibilidade destes recursos externos ao seu site, nem do seu conte\u00fado. Portanto, o utilizador \u00e9 convidado a contactar o administrador ou o webmaster dos referidos sites externos caso encontre problemas com o referido conte\u00fado. <\/p>\n\n\n\n<h4 class=\"wp-block-heading\">Inscri\u00e7\u00e3o e seguran\u00e7a<\/h4>\n\n\n\n<p>Como parte do processo de registro, o usu\u00e1rio deve escolher seu pr\u00f3prio ID de usu\u00e1rio e contra-senha.<\/p>\n\n\n\n<p>O usu\u00e1rio n\u00e3o pode escolher o ID de usu\u00e1rio de outra pessoa com a inten\u00e7\u00e3o de usar sua identidade. Al\u00e9m disso, voc\u00ea n\u00e3o pode usar o ID de usu\u00e1rio de outra pessoa sem a sua autoriza\u00e7\u00e3o expressa. Tamb\u00e9m \u00e9 proibido usar um ID de usu\u00e1rio que o editor, a seu crit\u00e9rio, considere prejudicial aos direitos de terceiros, ou em qualquer caso ofensivo ou escandaloso.<\/p>\n\n\n\n<p>A senha escolhida pelo usu\u00e1rio ao se registrar para os servi\u00e7os e inserida no formul\u00e1rio correspondente ou formul\u00e1rio de registro \u00e9 pessoal e n\u00e3o pode ser transferida. Os usu\u00e1rios devem manter a senha com o maior cuidado e manter a senha confidencial para evitar o uso do servi\u00e7o por terceiros n\u00e3o autorizados. Portanto, eles ser\u00e3o respons\u00e1veis pelo uso, feito por terceiros autorizados ou n\u00e3o autorizados, dos identificadores acima mencionados, bem como por quaisquer danos causados ao propriet\u00e1rio do blog, editor e\/ou terceiros, devido \u00e0 falta de conformidade com o acima exposto.<\/p>\n\n\n\n<p>O n\u00e3o cumprimento destas regras resultar\u00e1 na viola\u00e7\u00e3o destas condi\u00e7\u00f5es gerais de uso e poder\u00e1 resultar no cancelamento imediato da conta da parte infratora. Em caso de utiliza\u00e7\u00e3o real ou potencial n\u00e3o autorizada da sua conta, o utilizador \u00e9 convidado a denunci\u00e1-la, escrevendo para info@bestvision.group ou enviando uma carta certificada com aviso de recep\u00e7\u00e3o dirigida ao Best Vision Group, fornecendo qualquer informa\u00e7\u00e3o detalhada sobre a viola\u00e7\u00e3o e notifica\u00e7\u00e3o de perda, uso n\u00e3o autorizado, roubo de senha e informa\u00e7\u00f5es pessoais.<\/p>\n\n\n\n<p>O usu\u00e1rio est\u00e1 ciente de que deve ter pelo menos 18 anos de idade para se registrar para o servi\u00e7o, mesmo que pessoas de todas as idades possam acessar o servi\u00e7o. Os menores de 18 anos devem ser assistidos e autorizados pela autoridade parental.<\/p>\n\n\n\n<p>O usu\u00e1rio \u00e9 totalmente respons\u00e1vel por qualquer a\u00e7\u00e3o tomada atrav\u00e9s de sua conta, seja diretamente ou atrav\u00e9s de terceiros autorizados por ele. Qualquer uso abusivo, fraudulento ou ilegal \u00e9 a causa do cancelamento imediato da conta, a crit\u00e9rio do editor ou administrador do site, sem preju\u00edzo do exerc\u00edcio de qualquer a\u00e7\u00e3o legal pelas partes tituladas.<\/p>\n\n\n\n<h4 class=\"wp-block-heading\">Custos e pagamentos de servi\u00e7os<\/h4>\n\n\n\n<p>Os servi\u00e7os do site s\u00e3o gratuitos, salvo indica\u00e7\u00e3o em contr\u00e1rio. A editora e o administrador do site se reservam o direito de fornecer uma taxa para o acesso a partes do site, servi\u00e7os espec\u00edficos ou o site inteiro. Em qualquer caso, a editora n\u00e3o solicitar\u00e1 o pagamento de qualquer taxa se n\u00e3o tiver obtido previamente uma ades\u00e3o expressa a esta oferta. Portanto, se o editor ou administrador do site solicitar no futuro uma taxa de acesso a partes do site ou servi\u00e7os que atualmente s\u00e3o gratuitos, o usu\u00e1rio receber\u00e1 uma comunica\u00e7\u00e3o espec\u00edfica com uma indica\u00e7\u00e3o detalhada desses custos, dando ao usu\u00e1rio a oportunidade de escolher se deseja aderir ao servi\u00e7o. Em caso de aceita\u00e7\u00e3o, o usu\u00e1rio pagar\u00e1 esta taxa nos formul\u00e1rios que escolher pelo custo que ser\u00e1 definido no momento da aceita\u00e7\u00e3o do servi\u00e7o. <\/p>\n\n\n\n<h4 class=\"wp-block-heading\">Comunica\u00e7\u00e3o entre o editor e o administrador do site e o usu\u00e1rio<\/h4>\n\n\n\n<p>Se o utilizador tiver de indicar no formul\u00e1rio de registo online que deseja receber informa\u00e7\u00f5es do editor, do administrador do site e dos assuntos com estes correlatos, com o seu consentimento, de acordo com a legisla\u00e7\u00e3o em vigor, os dados de contacto do utilizador podem ser utilizados . para o envio de material promocional relacionado com estes t\u00f3picos.<br><br> O editor e o administrador do site se reservam o direito de, em qualquer caso, enviar as comunica\u00e7\u00f5es do usu\u00e1rio por e-mail para inform\u00e1-lo sobre mudan\u00e7as ou adi\u00e7\u00f5es relacionadas ao site e aos servi\u00e7os relacionados.<br><br> Os dados estat\u00edsticos e aqueles relacionados ao uso do site, ap\u00f3s serem an\u00f4nimos, podem ser utilizados pelo editor e pelo administrador do site para atividades de pesquisa e an\u00e1lise. Para mais detalhes, o usu\u00e1rio pode visualizar as informa\u00e7\u00f5es sobre o processamento de dados pessoais.<br><br> O editor e o administrador do site podem contatar o usu\u00e1rio por e-mail para participar de pesquisas, pedidos de coment\u00e1rios sobre o site e sobre produtos e servi\u00e7os existentes ou a serem criados. Esta informa\u00e7\u00e3o n\u00e3o ser\u00e1 partilhada com terceiros, excepto de forma agregada, e apenas ser\u00e1 utilizada para melhorar o site e os servi\u00e7os. <\/p>\n\n\n\n<h4 class=\"wp-block-heading\">Licen\u00e7as de uso de software<\/h4>\n\n\n\n<p>O usu\u00e1rio n\u00e3o adquire nenhum direito em rela\u00e7\u00e3o ao uso do software presente no site fora do uso necess\u00e1rio para a utiliza\u00e7\u00e3o dos servi\u00e7os. Portanto, o usu\u00e1rio n\u00e3o pode conceder direitos de uso, ceder ou transferir licen\u00e7as em rela\u00e7\u00e3o a tal software. O usu\u00e1rio est\u00e1 exclusivamente autorizado a fazer uma c\u00f3pia do software para uso pessoal, sem preju\u00edzo da proibi\u00e7\u00e3o de distribuir, modificar, retrabalhar ou desenhar obras derivadas do referido software. <\/p>\n\n\n\n<h4 class=\"wp-block-heading\">Dura\u00e7\u00e3o da conta.<\/h4>\n\n\n\n<p>O usu\u00e1rio pode cancelar sua conta a qualquer momento escrevendo para info@bestvision.group ou enviando uma carta certificada com aviso de recebimento para Best Vision Group. O usu\u00e1rio receber\u00e1 uma comunica\u00e7\u00e3o confirmando o recebimento do pedido e o posterior cancelamento da conta. Entende-se que o usu\u00e1rio \u00e9 respons\u00e1vel por todas as atividades realizadas com a conta at\u00e9 o momento de sua desativa\u00e7\u00e3o efetiva. O editor e o administrador do site podem, a seu crit\u00e9rio, cancelar ou suspender temporariamente o acesso a todo ou parte do site e servi\u00e7os por qualquer motivo, incluindo, sem limita\u00e7\u00e3o, qualquer viola\u00e7\u00e3o das regras descritas nestas condi\u00e7\u00f5es de acesso ao servi\u00e7o.<\/p>\n\n\n\n<h4 class=\"wp-block-heading\">V\u00e1rios<\/h4>\n\n\n\n<p>Estas condi\u00e7\u00f5es de acesso foram formuladas \u00e0 luz das leis em vigor na Su\u00ed\u00e7a. O tribunal competente para a aplica\u00e7\u00e3o destas regras \u00e9 o Corte de Genebra , Sui\u00e7a.<\/p>\n\n\n\n<p>Estas condi\u00e7\u00f5es de acesso devem ser aplicadas e interpretadas de acordo com as regras gerais estabelecidas no site bestvision.group.<\/p>\n\n\n\n<p>O utilizador pode contactar o Best Vision Group mediante o envio um e-mail para info@bestvision.group para qualquer comunica\u00e7\u00e3o sobre estas condi\u00e7\u00f5es de acesso.<\/p>\n\n\n\n<p>O utilizador declara que se compromete a informar o editor de qualquer viola\u00e7\u00e3o relacionada com estas condi\u00e7\u00f5es de acesso, logo que tenha conhecimento das mesmas. Em particular, no caso de ac\u00e7\u00f5es legais relacionadas com a viola\u00e7\u00e3o dos direitos de autor em rela\u00e7\u00e3o aos materiais publicados pelo site ou pelos servi\u00e7os ligados, o utilizador \u00e9 convidado a comunicar qualquer informa\u00e7\u00e3o que tenha em seu poder, escrevendo para info@bestvision.group ou enviando uma carta registada A\/R dirigida ao Best Vision Group.<\/p>\n\n\n\n<h4 class=\"wp-block-heading\">Protec\u00e7\u00e3o de dados pessoais.<\/h4>\n\n\n\n<p>Os dados pessoais fornecidos pelo usu\u00e1rio s\u00e3o protegidos de acordo com as disposi\u00e7\u00f5es do Decreto Legislativo Sui\u00e7o 196\/2003 &#8220;C\u00f3digo de prote\u00e7\u00e3o de dados pessoais&#8221; e suas modifica\u00e7\u00f5es e posteriores adi\u00e7\u00f5es. A editora revela os m\u00e9todos de gest\u00e3o utilizados para proteger a privacidade dos leitores que consultam o site na Pol\u00edtica de Privacidade (indicada no site).<\/p>\n\n\n\n<p>Qualquer informa\u00e7\u00e3o pessoal enviada para o site ser\u00e1 tratada de acordo com a lei de protec\u00e7\u00e3o de dados. Qualquer informa\u00e7\u00e3o n\u00e3o pessoal comunicada ao editor, ao administrador do site e ao propriet\u00e1rio do blog (incluindo, ideias, desenhos, projectos, etc.) dar\u00e1 a este \u00faltimo o direito de usar, reproduzir, exibir, executar, modificar, publicar e distribuir tais informa\u00e7\u00f5es n\u00e3o pessoais. A comunica\u00e7\u00e3o de tais informa\u00e7\u00f5es resultar\u00e1 automaticamente na transfer\u00eancia das mesmas, gratuitamente e com todos os direitos e poderes mais amplos, para o Best Vision Group.<\/p>\n\n\n\n<p>O site oferece conte\u00fado informativo e interativo. Enquanto navega no site, voc\u00ea pode adquirir informa\u00e7\u00f5es sobre o usu\u00e1rio, ou mais geralmente sobre o visitante, das seguintes maneiras: <\/p>\n\n\n\n<h4 class=\"wp-block-heading\">Dados de navega\u00e7\u00e3o<\/h4>\n\n\n\n<p>O site recolhe informa\u00e7\u00e3o t\u00e9cnica relacionada com o hardware e software utilizado pelos visitantes, utilizando ferramentas aut\u00f3nomas para analisar ficheiros de liga\u00e7\u00e3o. Esta informa\u00e7\u00e3o refere-se a:<br> \u2022    Endere\u00e7o IP<br> \u2022    Tipo de Navegador<br> \u2022    fornecedor de servi\u00e7os de Internet<br> \u2022    Sistema operacional<br> \u2022    Nome do dom\u00ednio e endere\u00e7o do site a partir do qual voc\u00ea acessou ou saiu (p\u00e1ginas de refer\u00eancia \/ sa\u00edda)<br> \u2022    Informa\u00e7\u00f5es sobre as p\u00e1ginas visitadas pelos leitores dentro do site<br> \u2022    Tempo de acesso<br> \u2022    Fique em uma p\u00e1gina<br> \u2022    An\u00e1lise de rotas internas (clickstream)<br> \u2022    Resolu\u00e7\u00e3o de v\u00eddeo<br> \u2022    Tipo de conex\u00e3o<br> \u2022    Pa\u00eds a partir do qual o usu\u00e1rio se conecta<br> \u2022    Presen\u00e7a de plugins java instalados<br> Esta informa\u00e7\u00e3o n\u00e3o fornece os dados pessoais do utilizador, mas apenas dados t\u00e9cnicos \/ inform\u00e1ticos que s\u00e3o recolhidos e utilizados de forma agregada e an\u00f3nima com a \u00fanica finalidade de melhorar a qualidade do servi\u00e7o e fornecer sobre a utiliza\u00e7\u00e3o do site. Estes dados s\u00e3o eliminados imediatamente ap\u00f3s o processamento.<\/p>\n\n\n\n<h4 class=\"wp-block-heading\">Dados fornecidos pelo usu\u00e1rio<\/h4>\n\n\n\n<p>Estes s\u00e3o os casos em que o pr\u00f3prio usu\u00e1rio emite seus dados pessoais no site, ap\u00f3s ler informa\u00e7\u00f5es para acessar determinados servi\u00e7os ou enviar pedidos por e-mail. Isto implica a aquisi\u00e7\u00e3o pelo propriet\u00e1rio do site do endere\u00e7o do remetente e\/ou quaisquer outros dados pessoais que ser\u00e3o processados exclusivamente para responder \u00e0s solicita\u00e7\u00f5es feitas ou para prestar o servi\u00e7o solicitado. Em todos os casos, antes de proceder \u00e0 activa\u00e7\u00e3o de um servi\u00e7o espec\u00edfico, ser\u00e3o fornecidas informa\u00e7\u00f5es adequadas e, quando necess\u00e1rio, ter\u00e1 sido obtido o relativo consentimento para o tratamento de dados pessoais. Este consentimento pode ser posteriormente revogado a qualquer momento, invalidando a possibilidade de utiliza\u00e7\u00e3o do servi\u00e7o em quest\u00e3o. Os dados recolhidos s\u00e3o armazenados durante o tempo estritamente necess\u00e1rio para atingir a finalidade para a qual o processamento \u00e9 efectuado, ou seja, a activa\u00e7\u00e3o \/ gest\u00e3o do servi\u00e7o solicitado.<\/p>\n\n\n\n<h4 class=\"wp-block-heading\">Cookies<\/h4>\n\n\n\n<p>Cookies s\u00e3o unidades de informa\u00e7\u00e3o que podem ser armazenados no computador durante a navega\u00e7\u00e3o em um site, para processar e identificar dados de uso. O arquivo cookie \u00e9 normalmente muito pequeno e n\u00e3o contribui para a satura\u00e7\u00e3o do espa\u00e7o f\u00edsico do disco duro. O cookie \u00e9 transferido para o disco do usu\u00e1rio para fins de registro para &#8216;memorizar&#8217; quais \u00e1reas de um site foram visitadas. Esta op\u00e7\u00e3o poupa tempo, permitindo ao utilizador chegar mais rapidamente \u00e0s partes principais de um site previamente visitado. Existem diferentes tipos de cookies:<br> \u2022    Permanente, ou seja, permanecem no disco r\u00edgido, mesmo depois de fechado o navegador.<br> \u2022    Tempor\u00e1rio ou sess\u00e3o, que s\u00e3o memorizados apenas durante a navega\u00e7\u00e3o e s\u00e3o removidos do computador quando o navegador \u00e9 fechado<br> \u2022    De terceiros, gerado por um site que n\u00e3o aquele que voc\u00ea est\u00e1 visitando atualmente.<br> Os cookies utilizados pelo propriet\u00e1rio do site s\u00e3o uma combina\u00e7\u00e3o destes tr\u00eas tipos: alguns s\u00e3o utilizados apenas para abrir e manter uma sess\u00e3o (cookies tempor\u00e1rios). Neste caso, o encerramento da sess\u00e3o ou do navegador os tornar\u00e1 inutiliz\u00e1veis tanto por n\u00f3s como por terceiros, mesmo que permane\u00e7am fisicamente no PC usado (cookies permanentes). Para fins puramente estat\u00edsticos, tamb\u00e9m s\u00e3o emitidos cookies de terceiros para a medi\u00e7\u00e3o de informa\u00e7\u00f5es agregadas. Para oferecer um site que atenda \u00e0s expectativas e interesses do usu\u00e1rio, \u00e9 realizada uma an\u00e1lise constante dos dados coletados nos cookies; Estes dados indicam apenas e anonimamente como o site \u00e9 utilizado, ou seja, as \u00e1reas e se\u00e7\u00f5es consideradas de maior interesse e utilidade para os navegadores. O usu\u00e1rio tem o direito de configurar seu navegador para aceitar todos os cookies, apenas alguns, ou rejeit\u00e1-los. No entanto, notamos que o facto de n\u00e3o aceitar cookies pode impossibilitar a presta\u00e7\u00e3o do servi\u00e7o no caso de acesso a determinadas \u00e1reas do site. Tamb\u00e9m deve ser lembrado que no final de cada sess\u00e3o de navega\u00e7\u00e3o, o usu\u00e1rio pode, em qualquer caso, excluir tanto o cache de navega\u00e7\u00e3o quanto os cookies coletados de seu disco r\u00edgido.<\/p>\n\n\n\n<p>O tratamento \u00e9 efectuado atrav\u00e9s de ferramentas automatizadas (por exemplo, utilizando procedimentos e meios electr\u00f3nicos) e\/ou manualmente (por exemplo, em papel) durante o tempo estritamente necess\u00e1rio para atingir os fins para os quais os dados foram recolhidos e, em qualquer caso, em conformidade com a legisla\u00e7\u00e3o em vigor.<\/p>\n\n\n\n<h4 class=\"wp-block-heading\">Desactivar os cookies no browser<\/h4>\n\n\n\n<p>Estas s\u00e3o as instru\u00e7\u00f5es para configurar os cookies nos navegadores principais:<br> \u2022    Crome: Configura\u00e7\u00f5es -&gt; Mostrar op\u00e7\u00f5es avan\u00e7adas -&gt; Privacy -&gt; Configura\u00e7\u00f5es de conte\u00fado<br> Para mais informa\u00e7\u00f5es, voc\u00ea pode consultar o suporte do Google ou a Ajuda do navegador.     <br> \u2022    Firefox: Ferramentas -&gt; Op\u00e7\u00f5es -&gt; Privacy -&gt; Hist\u00f3rico -&gt; Configura\u00e7\u00f5es \u00e0 Medida. <br>      Para mais informa\u00e7\u00f5es, voc\u00ea pode consultar o suporte do Mozilla ou a Ajuda do navegador.     <br> \u2022    Internet Explorer: Ferramentas -&gt; Op\u00e7\u00f5es da Internet -&gt; Privacy -&gt; Configura\u00e7\u00e3o. <br>      Para mais informa\u00e7\u00f5es, voc\u00ea pode consultar o suporte da Microsoft ou a Ajuda do navegador.     <br> \u2022    Safari: Prefer\u00eancias -&gt; Seguran\u00e7a. <br>      Para mais informa\u00e7\u00f5es, voc\u00ea pode consultar o suporte da Apple ou a Ajuda do navegador.  <\/p>\n\n\n\n<p>    <\/p>\n","protected":false},"excerpt":{"rendered":"Termos e condi\u00e7\u00f5es de uso Regras gerais e defini\u00e7\u00f5es Ao utilizar os servi\u00e7os ligados ao site Best Vision Group (doravante denominados &#8220;os servi\u00e7os&#8221; ou &#8220;o servi\u00e7o&#8221;), o utilizador deve cumprir as condi\u00e7\u00f5es e termos de utiliza\u00e7\u00e3o abaixo definidos. Estas condi\u00e7\u00f5es aplicam-se \u00e0 Best Vision Group administrador do conte\u00fado do site e dos servi\u00e7os relacionados O&#8230; <a class=\"view-article\" href=\"https:\/\/bestvision.group\/pt-pt\/home\/conditions-of-use\/\">View Article<\/a>","protected":false},"author":4,"featured_media":0,"parent":1195,"menu_order":0,"comment_status":"closed","ping_status":"closed","template":"conditions.php","meta":{"footnotes":""},"class_list":["post-1210","page","type-page","status-publish","hentry"],"_links":{"self":[{"href":"https:\/\/bestvision.group\/pt-pt\/wp-json\/wp\/v2\/pages\/1210"}],"collection":[{"href":"https:\/\/bestvision.group\/pt-pt\/wp-json\/wp\/v2\/pages"}],"about":[{"href":"https:\/\/bestvision.group\/pt-pt\/wp-json\/wp\/v2\/types\/page"}],"author":[{"embeddable":true,"href":"https:\/\/bestvision.group\/pt-pt\/wp-json\/wp\/v2\/users\/4"}],"replies":[{"embeddable":true,"href":"https:\/\/bestvision.group\/pt-pt\/wp-json\/wp\/v2\/comments?post=1210"}],"version-history":[{"count":0,"href":"https:\/\/bestvision.group\/pt-pt\/wp-json\/wp\/v2\/pages\/1210\/revisions"}],"up":[{"embeddable":true,"href":"https:\/\/bestvision.group\/pt-pt\/wp-json\/wp\/v2\/pages\/1195"}],"wp:attachment":[{"href":"https:\/\/bestvision.group\/pt-pt\/wp-json\/wp\/v2\/media?parent=1210"}],"curies":[{"name":"wp","href":"https:\/\/api.w.org\/{rel}","templated":true}]}}