{"id":1229,"date":"2019-10-31T08:48:24","date_gmt":"2019-10-31T08:48:24","guid":{"rendered":"https:\/\/bestvision.group\/home\/responsibility\/"},"modified":"2020-03-16T12:46:35","modified_gmt":"2020-03-16T12:46:35","slug":"responsibility","status":"publish","type":"page","link":"https:\/\/bestvision.group\/it\/home\/responsibility\/","title":{"rendered":"Responsibility"},"content":{"rendered":"\n<h1 class=\"wp-block-heading\">Note legali<\/h1>\n\n\n\n<h2 class=\"wp-block-heading\">Termini e condizioni di utilizzo<\/h2>\n\n\n\n<p>Il sito bestvision.group \u00e8 di propriet\u00e0 esclusiva di Best Vision Group, (di seguito riferito \u2018Best Vision\u2019 o \u2018Best Vision Group\u2019). L\u2019accesso e la navigazione sul sito da parte dei singoli utenti \u00e8 gratuito e soggetto all\u2019accettazione dei termini e delle condizioni delle presenti note legali. L\u2019utente riconosce e, in ogni caso, accetta: (i) che Best Vision si riservi il diritto di modificare i termini e le condizioni delle presenti note legali in qualsiasi momento, comunicando le modifiche agli utenti tramite un avviso generale allegato al sito o tramite un link al presente avviso e (ii) che, dal momento di ogni avviso generale ora menzionato, le note legali modificate costituiranno i nuovi termini e condizioni a cui accedere e navigare sul Sito (le presenti note legali, come gradualmente le \u201cNote Legali\u201d sono suscettibili di continua potenziale modifica).&nbsp;<\/p>\n\n\n\n<p><strong>Legge\napplicabile<\/strong><\/p>\n\n\n\n<p>Per l\u2019Europa le note legali sono disciplinate dal diritto svizzero, Foro di Ginevra. <br> Per l\u2019America le note legali sono disciplinate dal diritto USA, Foro di Miami.<br>Per l\u2019Africa le note legali sono disciplinate dal diritto svizzero, Foro di Ginevra.&nbsp;<br> Per l\u2019Asia le note legali sono disciplinate dal diritto svizzero, Foro di Ginevra.<br>Per l\u2019Australia le note legali sono disciplinate dal diritto USA, Foro di Miami.<\/p>\n\n\n\n<p><strong>Diritti di propriet\u00e0 intellettuale<\/strong><\/p>\n\n\n\n<ul class=\"wp-block-list\"><li>I  contenuti del sito, a titolo esemplificativo e non esaustivo, le opere, le  immagini, le fotografie, i dialoghi, le musiche, i suoni, i video, i testi      e qualsiasi altro materiale in qualsiasi formato, inclusi, a titolo      esemplificativo e non esaustivo, i menu, le pagine web, la grafica, i      colori, gli schemi, gli strumenti, i caratteri, il design, i diagrammi, i      disegni, i metodi, processi, funzioni e software (singolarmente e\/o      collettivamente &#8216;Contenuti&#8217;) ed i segni e\/o i relativi loghi distintivi      sono di esclusiva propriet\u00e0 di Best Vision o nella sua esclusiva      disponibilit\u00e0, ed in nessun caso possono essere utilizzati in alcun modo e\/o forma senza il preventivo consenso scritto di Best Vision. A meno che non sia espressamente indicato diversamente sul Sito, \u00e8 possibile guardare e\/o ascoltare il contenuto solo in modalit\u00e0 &#8216;Streaming&#8217;. Per  &#8220;Streaming&#8221; si intende la modalit\u00e0 di visualizzazione e\/o ascolto dei contenuti in tempo reale e senza necessit\u00e0 e\/o possibilit\u00e0 di riproduzione, n\u00e9 temporanea n\u00e9 permanente, distribuzione, ridistribuzione, comunicazione al pubblico o altro utilizzo, in qualsiasi forma o forma diversa dallo &#8220;Streaming&#8221; qui definito.&nbsp;&nbsp; <\/li><li>Nel  caso in cui sul Sito Embedding vengano forniti codici di collegamento  relativi a contenuti specifici, tali codici possono essere utilizzati  dagli utenti solo per il proprio uso diretto, personale e privato e purch\u00e9  il suddetto uso non avvenga per scopi tipografici direttamente o indirettamente commerciali e\/o a scopo di lucro.&nbsp;&nbsp; <\/li><li>Qualsiasi  utilizzo di codici e\/o Contenuti in violazione dei limiti indicati nelle Note Legali, o comunque contrario alla legge, \u00e8 illegale e, pertanto, sar\u00e0 punito da Best Vision.&nbsp;&nbsp; <\/li><li>I  marchi registrati e i loghi &#8216;Best Vision&#8217;, compreso il dominio del nome      &#8216;bestvision.group&#8217;, sono disponibili esclusivamente per Best Vision o per le societ\u00e0 del gruppo Best Vision. Questi marchi registrati, loghi e domini  non possono essere utilizzati in alcun modo senza il preventivo consenso  scritto di Best Vision.&nbsp;&nbsp;<\/li><\/ul>\n\n\n\n<p><strong>Link ad altri siti web<\/strong><\/p>\n\n\n\n<ul class=\"wp-block-list\"><li>Il Sito potrebbe contenere link testuali (i &#8220;link&#8221;) ad altri siti web che non hanno alcuna connessione n\u00e9 con il Sito n\u00e9 diretta con Best      Vision. Best Vision non controlla n\u00e9 sorveglia questi siti web, i loro      contenuti e le loro regole.&nbsp;&nbsp; <\/li><li>Qualsiasi  link ad altri siti web non deve essere inteso in alcun modo come  un&#8217;attivit\u00e0 di Best Vision per promuoverli e\/o i contenuti pubblicati su  di essi.&nbsp;&nbsp;  &nbsp;&nbsp;<\/li><\/ul>\n\n\n\n<p><strong>Cookies<\/strong><\/p>\n\n\n\n<p>Il Sito pu\u00f2 contenere cookies di sessione (che non vengono memorizzati in modo permanente sul computer dell&#8217;utente e che scompaiono alla chiusura del browser) per consentire agli utenti di utilizzare al meglio il Sito. E\u2019 possibile configurare il browser affinch\u00e9 l\u2019utente possa essere avvisato della presenza di cookies e quindi decidere se accettarli o meno. Anche il browser pu\u00f2 essere configurato in modo da rifiutare automaticamente tutti i cookies; in questo per\u00f2 \u00e8 possibile che l&#8217;utente non possa accedere a tutti i servizi disponibili sul Sito.<\/p>\n\n\n\n<p><strong>Limitazioni di responsabilit\u00e0<\/strong><\/p>\n\n\n\n<ul class=\"wp-block-list\"><li>&nbsp;L&#8217;utente riconosce e accetta che il suo accesso e la navigazione del Sito sono a  suo rischio e sotto la sua esclusiva responsabilit\u00e0.&nbsp;&nbsp; <\/li><li>L&#8217;utente riconosce e accetta inoltre che il Sito \u00e8 fornito &#8220;cos\u00ec com&#8217;\u00e8&#8221; e      &#8220;come disponibile&#8221; e che potrebbe essere temporaneamente      inaccessibile o contenere difetti o ritardi attuali.&nbsp;&nbsp; <\/li><li>Best Vision non si assume alcuna responsabilit\u00e0 per i contenuti, i materiali e\/o le informazioni inserite sul Sito dagli utenti negli spazi virtuali che Best Vision mette a disposizione degli utenti per l&#8217;interazione con il Sito (&#8220;User Content&#8221;).&nbsp;&nbsp; <\/li><li>Best Vision non sar\u00e0 responsabile per qualsiasi perdita o danno derivante da o connesso in qualsiasi modo all&#8217;uso o al funzionamento del Sito, inclusi, tra gli altri, i danni per perdita di affari, perdita di profitti, interruzione dell&#8217;attivit\u00e0, perdita di informazioni commerciali e\/o  qualsiasi altro tipo di perdita pecuniaria, tranne nei casi di cattiva      condotta intenzionale o grave negligenza di Best Vision.&nbsp;&nbsp; <\/li><\/ul>\n\n\n\n<p><strong>Segnalazioni di abuso<\/strong><\/p>\n\n\n\n<ul class=\"wp-block-list\"><li>Gli utenti che identifichino qualsiasi contenuto dell&#8217;utente come illegale, inappropriato, offensivo o volgare, \u00e8 necessario che informino      immediatamente Best Vision, compilando il modulo di segnalazione degli abusi disponibile sul Sito, in fondo alla home page.&nbsp;&nbsp; <\/li><li>L&#8217;utente \u00e8 altres\u00ec invitato ad un uso responsabile delle sue relazioni. Le segnalazioni che si dovessero rivelare infondate e\/o illegittime saranno perseguibili ai sensi di legge.<\/li><\/ul>\n\n\n\n<p><strong>Legge applicabile<\/strong><\/p>\n\n\n\n<p>Le note legali sono disciplinate dal diritto svizzero, Foro Giuridico di Ginevra. <br>Best Vision Group<\/p>\n","protected":false},"excerpt":{"rendered":"Note legali Termini e condizioni di utilizzo Il sito bestvision.group \u00e8 di propriet\u00e0 esclusiva di Best Vision Group, (di seguito riferito \u2018Best Vision\u2019 o \u2018Best Vision Group\u2019). L\u2019accesso e la navigazione sul sito da parte dei singoli utenti \u00e8 gratuito e soggetto all\u2019accettazione dei termini e delle condizioni delle presenti note legali. L\u2019utente riconosce e,&#8230; <a class=\"view-article\" href=\"https:\/\/bestvision.group\/it\/home\/responsibility\/\">Mostra articolo<\/a>","protected":false},"author":4,"featured_media":0,"parent":1194,"menu_order":0,"comment_status":"closed","ping_status":"closed","template":"responsibility.php","meta":{"footnotes":""},"class_list":["post-1229","page","type-page","status-publish","hentry"],"_links":{"self":[{"href":"https:\/\/bestvision.group\/it\/wp-json\/wp\/v2\/pages\/1229"}],"collection":[{"href":"https:\/\/bestvision.group\/it\/wp-json\/wp\/v2\/pages"}],"about":[{"href":"https:\/\/bestvision.group\/it\/wp-json\/wp\/v2\/types\/page"}],"author":[{"embeddable":true,"href":"https:\/\/bestvision.group\/it\/wp-json\/wp\/v2\/users\/4"}],"replies":[{"embeddable":true,"href":"https:\/\/bestvision.group\/it\/wp-json\/wp\/v2\/comments?post=1229"}],"version-history":[{"count":0,"href":"https:\/\/bestvision.group\/it\/wp-json\/wp\/v2\/pages\/1229\/revisions"}],"up":[{"embeddable":true,"href":"https:\/\/bestvision.group\/it\/wp-json\/wp\/v2\/pages\/1194"}],"wp:attachment":[{"href":"https:\/\/bestvision.group\/it\/wp-json\/wp\/v2\/media?parent=1229"}],"curies":[{"name":"wp","href":"https:\/\/api.w.org\/{rel}","templated":true}]}}