{"id":1224,"date":"2019-10-31T08:23:27","date_gmt":"2019-10-31T08:23:27","guid":{"rendered":"https:\/\/bestvision.group\/home\/privacy-policies\/"},"modified":"2020-05-08T13:07:35","modified_gmt":"2020-05-08T13:07:35","slug":"privacy-policies","status":"publish","type":"page","link":"https:\/\/bestvision.group\/it\/home\/privacy-policies\/","title":{"rendered":"Privacy policy"},"content":{"rendered":"\n<h2 class=\"wp-block-heading\">Politica dei dati<\/h2>\n\n\n\n<p><strong>POLITICA DEI DATI<\/strong><\/p>\n\n\n\n<p><strong>Oggetto:<\/strong>&nbsp;Informazioni ai sensi dell&#8217;art. 13 del Regolamento (EU) 679\/2016 e la legislazione di ogni Stato membro dell&#8217;UE. Secondo l&#8217;arte. 13 del Regolamento UE n.2016\/679 (di seguito &#8220;GDPR 2016\/679&#8221;) e della legislazione di ciascuno Stato membro dell&#8217;UE (di seguito &#8220;Codice della Privacy&#8221;), recante disposizioni a tutela delle persone e degli altri soggetti rispetto al trattamento dei dati personali, desideriamo informarLa che i dati personali da Lei forniti saranno trattati nel rispetto della suddetta legge e degli obblighi di riservatezza cui sono tenute tutte le societ\u00e0 appartenenti al Gruppo BEST VISION GROUP.<\/p>\n\n\n\n<p><strong>Quali dati elaboriamo?<\/strong><\/p>\n\n\n\n<ul class=\"wp-block-list\"><li>I dati inseriti compilando il modulo di registrazione (nome, cognome, indirizzo e indirizzo e-mail, numero di telefono e di cellulare, dati relativi al tuo percorso di carriera o alle informazioni che hai comunicato nel tuo curriculum vitae, nonch\u00e9 alle tue condizioni di salute);<\/li><li>Dati relativi alla navigazione sul nostro sito web, ad es. dati relativi al      traffico, all&#8217;ubicazione, alle visite al sito web, al weblog, all&#8217;indirizzo IP, al sistema operativo e al browser utilizzato, ai cookie;<\/li><li>I dati che ci vengono forniti via e-mail, sondaggi e\/o tramite i nostri moduli di contatto e\/o tramite LinkedIn.<\/li><\/ul>\n\n\n\n<p><strong>Perch\u00e9 abbiamo bisogno dei vostri dati?<\/strong><\/p>\n\n\n\n<p>Utilizziamo i suoi dati per dare seguito al suo eventuale colloquio per un posto vacante in azienda e per la gestione del rapporto di lavoro e per finalit\u00e0 commerciali.<\/p>\n\n\n\n<p>I\nvostri dati sono trattati in modo specifico per:<\/p>\n\n\n\n<ol class=\"wp-block-list\"><li>Le attivit\u00e0 relative all&#8217;intermediazione tra domanda e offerta di lavoro.<\/li><li>Le attivit\u00e0 con finalit\u00e0 commerciali, l&#8217;invio di informazioni e newsletter.<\/li><li>La condivisione dei vostri dati con i nostri clienti in Svizzera e in paesi terzi che sono alla ricerca di personale, nonch\u00e9 con quei soggetti      pubblici e privati per i quali il titolare \u00e8 stato incaricato di una delle      attivit\u00e0 di cui al punto 1). Inoltre, i vostri dati vengono trasmessi alle      organizzazioni e ai privati in Svizzera e in paesi terzi che supportano il titolare nella fornitura di servizi, come ad esempio servizi di rete,      software, pubblicit\u00e0, ecc.).<\/li><li> La condivisione di tuoi dati con le autorit\u00e0 di polizia in caso di riscontrati abusi .<\/li><\/ol>\n\n\n\n<p>La base giuridica di tali attivit\u00e0 \u00e8 l&#8217;adempimento di requisiti precontrattuali e contrattuali relativi al servizio, nonch\u00e9 l&#8217;esistenza di specifici obblighi di legge.<\/p>\n\n\n\n<p><strong>Come trattiamo i vostri dati personali?<\/strong><\/p>\n\n\n\n<p>Il trattamento dei vostri dati personali \u00e8 eseguito o in forma digitale o cartacea da alcune persone che sono internamente autorizzate e addestrate a tal fine. Il trattamento di tali dati non comporta l&#8217;adozione di decisioni automatizzate, ma comporta la profilazione per le attivit\u00e0 connesse alla navigazione nel sito web attraverso strumenti tecnici come i cookies.<\/p>\n\n\n\n<p><strong>Per quanto tempo vengono memorizzati i vostri dati?<\/strong><\/p>\n\n\n\n<p>I vostri dati personali saranno conservati per tutto il tempo necessario all&#8217;esecuzione dei compiti relativi alla gestione del contratto e agli obblighi di legge che ne derivano. I dati memorizzati sul sito web del proprietario verranno cancellati dopo 60 mesi di inattivit\u00e0. 6 mesi prima della data di scadenza riceverai una notifica via e-mail.<\/p>\n\n\n\n<p>I\ndati di coloro che non acquistano o non utilizzano prodotti\/servizi, anche se\nhanno avuto un precedente contatto con rappresentanti della societ\u00e0, saranno\nimmediatamente cancellati o trattati in forma anonima, ove la loro\nconservazione non sia altrimenti giustificata, a meno che non sia stato\nvalidamente acquisito il consenso informato degli interessati in merito ad una\nsuccessiva attivit\u00e0 di promozione commerciale o di ricerche di mercato.<\/p>\n\n\n\n<p>Il periodo massimo di conservazione dei dati \u00e8 di 10 anni.<\/p>\n\n\n\n<p><strong>Cosa succede se non ci fornite i vostri dati?<\/strong><\/p>\n\n\n\n<p>Il conferimento dei dati \u00e8 obbligatorio per tutto quanto \u00e8 richiesto dagli obblighi legali e contrattuali e pertanto l&#8217;eventuale rifiuto a fornirli in tutto o in parte pu\u00f2 comportare l&#8217;impossibilit\u00e0 di fornire i servizi richiesti dal titolare. La societ\u00e0 tratta i dati facoltativi degli utenti in base al loro consenso, ovvero attraverso l&#8217;esplicita approvazione della presente informativa sulla privacy e in relazione alle modalit\u00e0 e finalit\u00e0 di seguito descritte. <\/p>\n\n\n\n<p><strong>Quali sono i vostri diritti?<\/strong><\/p>\n\n\n\n<p>Ai sensi del Regolamento Europeo 679\/2016 (GDPR) e della legislazione nazionale, l&#8217;interessato pu\u00f2, secondo le modalit\u00e0 e nei limiti stabiliti dalla normativa vigente, esercitare i seguenti diritti:<\/p>\n\n\n\n<ul class=\"wp-block-list\"><li>Richiedere la conferma del trattamento dei suoi dati personali;<\/li><li>Conoscere l&#8217;origine, le finalit\u00e0 e gli scopi del trattamento;<\/li><li>La possibilit\u00e0 di aggiornare e rettificare i suoi dati per garantirne      l&#8217;esattezza;<\/li><li>La possibilit\u00e0 di cancellare, nella misura consentita, i suoi dati personali e di limitarne il trattamento;<\/li><li>Richiedere l&#8217;aggiornamento, la rettifica, l&#8217;integrazione, la cancellazione, la  trasformazione in forma anonima, il blocco dei dati trattati in violazione  di legge, compresi quelli non pi\u00f9 necessari al perseguimento degli scopi per i quali sono stati raccolti;<\/li><li>Il  diritto di presentare un reclamo all&#8217;autorit\u00e0 di vigilanza.<\/li><\/ul>\n\n\n\n<p>Il titolare del trattamento dei vostri dati personali \u00e8 Best Vision Group.<\/p>\n\n\n\n<p><strong>Importanti informazioni legali e condizioni di utilizzo<\/strong><\/p>\n\n\n\n<p>Le persone che accedono a questo sito web sono pregate di leggere sia il contenuto di questa pagina sia il disclaimer. Essi si dichiarano d&#8217;accordo con le seguenti condizioni d&#8217;uso, restrizioni e restrizioni legali. Chi non accetta quanto sopra non deve accedere al sito web di Best Vision Ltd. (Best Vision) (di seguito denominato sito Best Vision) n\u00e9 ad alcuna delle sue pagine e\/o link.<\/p>\n\n\n\n<p><strong>Utilizzo del sito Best Vision<\/strong><\/p>\n\n\n\n<p>Il sito Best Vision \u00e8 coperto da copyright. E&#8217; possibile scaricare o stampare dal sito fintanto che il copyright non viene rimosso. Senza il consenso scritto di Best Vision, la riproduzione (totale o parziale), il trasferimento, la modifica, la creazione di link o l&#8217;utilizzo del sito Best Vision per qualsiasi uso pubblico, privato o commerciale sono vietati.<\/p>\n\n\n\n<p>Best\nVision pu\u00f2 modificare sia i contenuti di questa pagina sia i termini della\nclausola di esclusione di responsabilit\u00e0. Di conseguenza, si prega di rivederli\ndi tanto in tanto. L&#8217;accesso continuato a questo sito Web o la creazione di un\nlink a questo sito Web dopo la pubblicazione di modifiche ad uno di essi o ad\nentrambi costituir\u00e0 l&#8217;accettazione delle stesse, cos\u00ec come modificate. Se, in\nqualsiasi momento, non si desidera accettare sia il contenuto di questa pagina,\nsia il disclaimer, sia entrambi, \u00e8 necessario interrompere l&#8217;accesso o il\ncollegamento a questo sito web.<\/p>\n\n\n\n<p>Qualora l&#8217;utilizzo di questo sito web crei un rapporto giuridico tra le persone che accedono a questo sito web e Best Vision, esso sar\u00e0 soggetto alla legge svizzera.<\/p>\n\n\n\n<p><strong>Politica dei cookies sui siti BestVision\u00ae<\/strong><\/p>\n\n\n\n<p> Best Vision utilizza i cookie HTTP per semplificare l&#8217;uso dei suoi siti Internet. Questa dichiarazione di privacy policy \u00e8 per informarvi sull&#8217;uso dei cookie sui nostri siti Internet. <\/p>\n\n\n\n<p><strong>Cosa sono i cookie?<\/strong><br><br>I cookie sono piccoli pezzi di dati inviati da un sito web e memorizzati nel browser web di un utente mentre l&#8217;utente sta navigando su quel sito web. Essi consentono di raccogliere un insieme di informazioni con l&#8217;obiettivo di migliorare i servizi accessibili attraverso i nostri siti Internet.<\/p>\n\n\n\n<p>Con queste informazioni \u00e8 possibile analizzare il traffico sui nostri siti Internet (numero di visite, indirizzi IP, ecc.). Queste informazioni vengono raccolte quando visitate il nostro sito web e ci permettono di sapere quali parti delle nostre pagine interessano maggiormente i visitatori del sito. In questo modo possiamo avere una migliore conoscenza delle esigenze di mercato e migliorare i contenuti del nostro sito, fornendo informazioni adeguate. <\/p>\n\n\n\n<p><strong>Come gestire i cookie<\/strong><br><br>La procedura da seguire per la parametrizzazione dei cookie dipende dal browser Internet utilizzato.<\/p>\n\n\n\n<p>Potete decidere voi stessi se il nostro sito web \u00e8 autorizzato a utilizzare i cookie sul vostro computer. Avete la possibilit\u00e0 di determinare in qualsiasi momento le opzioni del vostro browser in modo tale che nessun cookie venga accettato e memorizzato. Avete anche la possibilit\u00e0 di farvi mostrare un messaggio di avvertimento ogni volta prima che un cookie viene accettato.<\/p>\n\n\n\n<p><strong>Posso rifiutare l&#8217;uso dei cookie?<\/strong><br><br>Potete rifiutarvi di consentire ai nostri siti Internet di utilizzare i cookie quando li visitate.<\/p>\n\n\n\n<p>Tuttavia, l&#8217;utilizzo di determinate funzioni del nostro sito web pu\u00f2 essere limitato o disattivato se si rifiutano i cookie del nostro sito Internet.<\/p>\n","protected":false},"excerpt":{"rendered":"Politica dei dati POLITICA DEI DATI Oggetto:&nbsp;Informazioni ai sensi dell&#8217;art. 13 del Regolamento (EU) 679\/2016 e la legislazione di ogni Stato membro dell&#8217;UE. Secondo l&#8217;arte. 13 del Regolamento UE n.2016\/679 (di seguito &#8220;GDPR 2016\/679&#8221;) e della legislazione di ciascuno Stato membro dell&#8217;UE (di seguito &#8220;Codice della Privacy&#8221;), recante disposizioni a tutela delle persone e degli&#8230; <a class=\"view-article\" href=\"https:\/\/bestvision.group\/it\/home\/privacy-policies\/\">Mostra articolo<\/a>","protected":false},"author":4,"featured_media":0,"parent":1194,"menu_order":0,"comment_status":"closed","ping_status":"closed","template":"privacy.php","meta":{"footnotes":""},"class_list":["post-1224","page","type-page","status-publish","hentry"],"_links":{"self":[{"href":"https:\/\/bestvision.group\/it\/wp-json\/wp\/v2\/pages\/1224"}],"collection":[{"href":"https:\/\/bestvision.group\/it\/wp-json\/wp\/v2\/pages"}],"about":[{"href":"https:\/\/bestvision.group\/it\/wp-json\/wp\/v2\/types\/page"}],"author":[{"embeddable":true,"href":"https:\/\/bestvision.group\/it\/wp-json\/wp\/v2\/users\/4"}],"replies":[{"embeddable":true,"href":"https:\/\/bestvision.group\/it\/wp-json\/wp\/v2\/comments?post=1224"}],"version-history":[{"count":0,"href":"https:\/\/bestvision.group\/it\/wp-json\/wp\/v2\/pages\/1224\/revisions"}],"up":[{"embeddable":true,"href":"https:\/\/bestvision.group\/it\/wp-json\/wp\/v2\/pages\/1194"}],"wp:attachment":[{"href":"https:\/\/bestvision.group\/it\/wp-json\/wp\/v2\/media?parent=1224"}],"curies":[{"name":"wp","href":"https:\/\/api.w.org\/{rel}","templated":true}]}}