{"id":1209,"date":"2019-10-31T08:41:40","date_gmt":"2019-10-31T08:41:40","guid":{"rendered":"https:\/\/bestvision.group\/home\/conditions-of-use\/"},"modified":"2020-03-16T12:41:21","modified_gmt":"2020-03-16T12:41:21","slug":"conditions-of-use","status":"publish","type":"page","link":"https:\/\/bestvision.group\/it\/home\/conditions-of-use\/","title":{"rendered":"Conditions-of-use"},"content":{"rendered":"\n<h2 class=\"wp-block-heading\">Termini e condizioni di utilizzo<\/h2>\n\n\n\n<h4 class=\"wp-block-heading\">Regole generali e definizioni<\/h4>\n\n\n\n<p>Utilizzando i servizi collegati al sito Best Vision Group (di seguito denominati &#8220;i servizi&#8221; o &#8220;il servizio&#8221;), l&#8217;utente deve rispettare le condizioni e i termini di utilizzo di seguito indicati. Le presenti condizioni si applicano a tutte le societ\u00e0 del gruppo Best Vision (di seguito anche riferito come Best Vision Group), ai contenuti del presente sito internet e dei relativi servizi.<br><br> Best Vision Group si riserva il diritto di modificare, aggiungere o rimuovere parti alle presenti condizioni, informando gli interessati attraverso la pubblicazione di modifiche sul sito o via e-mail. \u00c8 necessario che ogni utente verifichi periodicamente queste condizioni per determinare i cambiamenti avvenuti dopo l&#8217;ultima interrogazione del sito. In ogni caso, l&#8217;utilizzo del sito e dei suoi servizi implica l&#8217;accettazione delle modifiche nel frattempo occorse.<br><br> Nel caso in cui l\u2019utente desideri non accettare le modifiche, questi pu\u00f2 cancellare il suo account in qualsiasi momento scrivendo a info@bestvision.group o inviando una lettera certificata con avviso di ricevimento indirizzata a Best Vision Group. Ci\u00f2 nonostante, l&#8217;utilizzo continuato dei servizi implica l&#8217;accettazione delle nuove condizioni.<br><br> Best Vision Group si riserva il diritto di modificare, sospendere o anche solo parzialmente interrompere, i servizi, compreso l&#8217;accesso al database o ai contenuti. Best Vision Group pu\u00f2 anche introdurre restrizioni di accesso o di servizio, in tutto o in parte, senza preavviso e senza assumersi la responsabilit\u00e0 di tali limitazioni di servizio. <\/p>\n\n\n\n<h4 class=\"wp-block-heading\">Contenuti e servizi del sito bestvision.group e utilizzo da parte degli utenti<\/h4>\n\n\n\n<p>I contenuti e i servizi del sito bestvision.group sono destinati ad un uso personale e non professionale. Tutti i materiali pubblicati sul sito (tra cui, a titolo esemplificativo, articoli informativi, fotografie, immagini, illustrazioni, registrazioni audio e\/o video, di seguito anche &#8220;contenuti&#8221;) sono protetti dalle leggi sul diritto d&#8217;autore e sono di propriet\u00e0 dell&#8217;editore o di chi ne detiene legittimamente i relativi diritti. L&#8217;utente \u00e8 tenuto a rispettare le eventuali informazioni aggiuntive che possono essere presenti sul sito in relazione alla propriet\u00e0 intellettuale dei contenuti a cui si accede attraverso i servizi del sito.<br> <br> I servizi del sito e i suoi contenuti sono protetti dalle leggi sul diritto d&#8217;autore in vigore in Svizzera e USA e dalle leggi internazionali sul diritto d&#8217;autore. L&#8217;utente non \u00e8 autorizzato a modificare, pubblicare, trasmettere, condividere, trasferire in uso a qualsiasi titolo, riprodurre (oltre i limiti di seguito specificati), rielaborare, distribuire, eseguire, dare accesso o sfruttare commercialmente i contenuti o i servizi di questo sito, in qualsiasi modo (compreso il software), anche parzialmente.<br> <br> L&#8217;utente, per uso esclusivamente personale, \u00e8 autorizzato a scaricare o copiare il contenuto e qualsiasi altro materiale scaricabile disponibile attraverso i servizi del sito, a condizione che riporti fedelmente tutte le indicazioni di copyright e le altre indicazioni presenti sul sito. La riproduzione e la raccolta di qualsiasi contenuto per motivi diversi dall&#8217;uso personale \u00e8 espressamente vietata in assenza di espressa autorizzazione preventiva rilasciata per iscritto dall&#8217;editore o dal titolare del copyright come indicato sul sito.<br> <br> I contenuti che provengono da agenzie di stampa o da altri siti, sono pubblicati dall&#8217;editore che non si assume alcuna responsabilit\u00e0 per incompletezza, inesattezze, errori, omissioni riguardanti l&#8217;integrit\u00e0 delle informazioni e non \u00e8 responsabile per eventuali danni conseguenti.<br> <br> Il servizio rss, costituito da contenuti informativi scaricabili sul computer attraverso &#8220;programmi di aggregazione&#8221;, \u00e8 reso accessibile solo per uso personale ed \u00e8 escluso qualsiasi uso a fini commerciali. Qualsiasi uso diverso, incluso, ad esempio, l&#8217;inserimento di messaggi pubblicitari, la combinazione con prodotti o la consegna prolungata per scopi pubblicitari, sono vietati in qualsiasi modo. L&#8217;utente non pu\u00f2 modificare o distribuire in alcun modo i servizi di rss e le connessioni che provengono dal sito a terzi. Il servizio rss e i relativi contenuti sono protetti dalle leggi italiane sul diritto d&#8217;autore e dalle relative normative internazionali.<br> <br> L&#8217;editore si riserva il diritto di interrompere il servizio rss in qualsiasi momento e di impedire all&#8217;utente di utilizzare il materiale scaricato in qualsiasi modo, senza limitazioni e senza preavviso. L&#8217;editore non si assume alcuna responsabilit\u00e0 in relazione ai contenuti e al servizio rss e al suo utilizzo in relazione a danni o limitazioni di utilizzo di siti web, computer che hanno utilizzato tali servizi e contenuti.<\/p>\n\n\n\n<p><br><\/p>\n\n\n\n<h4 class=\"wp-block-heading\">Accesso e disponibilit\u00e0 del servizio. Utilizzo dei link.<\/h4>\n\n\n\n<p>Il sito bestvision.group contiene link ad altre risorse Internet. L&#8217;editore non \u00e8 responsabile della reale accessibilit\u00e0 e disponibilit\u00e0 di queste risorse esterne al suo sito, n\u00e9 dei suoi contenuti. Pertanto, l&#8217;utente \u00e8 invitato a contattare l&#8217;amministratore o il webmaster di tali siti esterni in caso di problemi con tali contenuti.<\/p>\n\n\n\n<h4 class=\"wp-block-heading\">Registrazione e sicurezza<\/h4>\n\n\n\n<p>Nell&#8217;ambito del processo di registrazione, l&#8217;utente deve scegliere il proprio ID utente e la propria password.<br><br> L&#8217;utente non pu\u00f2 scegliere l&#8217;ID utente di un&#8217;altra persona con l&#8217;intenzione di utilizzare la sua identit\u00e0. Inoltre, non \u00e8 possibile utilizzare l&#8217;ID utente di un&#8217;altra persona senza la sua espressa autorizzazione. E&#8217; inoltre vietato l&#8217;utilizzo di un ID utente che l&#8217;editore, a sua discrezione, ritenga lesivo dei diritti di terzi, o comunque offensivo o scandaloso.<br><br> La password scelta dall&#8217;utente al momento della registrazione ai servizi e inserita nel modulo corrispondente o nel modulo di registrazione \u00e8 personale e non pu\u00f2 essere trasferita. Gli utenti devono conservare la password con la massima cura e mantenerla riservata per evitare l&#8217;uso del servizio da parte di terzi non autorizzati. Pertanto, essi saranno responsabili dell&#8217;uso, da parte di terzi autorizzati o non autorizzati, dei suddetti identificatori, nonch\u00e9 di eventuali danni causati al proprietario del blog, al curatore e\/o a terzi, per il mancato rispetto di quanto sopra.<br><br> Il mancato rispetto di queste regole comporter\u00e0 la violazione delle presenti condizioni generali di utilizzo e potr\u00e0 comportare l&#8217;immediata cancellazione dell&#8217;account della parte inadempiente. In caso di utilizzo effettivo o potenziale non autorizzato dell&#8217;account, l&#8217;utente \u00e8 invitato a segnalarlo scrivendo a info@bestvision.group o inviando una lettera certificata con avviso di ricevimento indirizzata a Best Vision Group, fornendo informazioni dettagliate sulla violazione e la notifica di smarrimento, sequestro non autorizzato, furto di password e dati personali.<br><br> L&#8217;utente \u00e8 consapevole di dover avere almeno 18 anni per potersi registrare al servizio, anche se persone di tutte le et\u00e0 possono accedere al servizio. I minori di 18 anni devono essere assistiti e autorizzati dall&#8217;autorit\u00e0 parentale.<br><br> L&#8217;utente \u00e8 pienamente responsabile di qualsiasi azione intrapresa tramite il suo account, direttamente o tramite terzi da lui autorizzati. Qualsiasi abuso, frode o uso illegale \u00e8 causa dell&#8217;immediata cancellazione dell&#8217;account, a discrezione dell&#8217;editore o dell&#8217;amministratore del sito, fatto salvo l&#8217;esercizio di qualsiasi azione legale da parte delle parti titolate.  <\/p>\n\n\n\n<h4 class=\"wp-block-heading\">Costi di servizio e pagamenti <\/h4>\n\n\n\n<p>I servizi del sito sono gratuiti, se non diversamente specificato. L&#8217;editore e l&#8217;amministratore del sito si riservano il diritto di fornire una tariffa per l&#8217;accesso a parti del sito, a servizi specifici o all&#8217;intero sito. In ogni caso, l&#8217;editore non richieder\u00e0 il pagamento di alcun compenso se non ha precedentemente ottenuto un&#8217;adesione esplicita a questa offerta. Pertanto, qualora l&#8217;editore o l&#8217;amministratore del sito richieda in futuro un corrispettivo per l&#8217;accesso a parti del sito o a servizi attualmente gratuiti, l&#8217;utente ricever\u00e0 una specifica comunicazione con l&#8217;indicazione dettagliata di tali costi, fornendo all&#8217;utente la possibilit\u00e0 di scegliere se aderire al servizio. In caso di accettazione, l&#8217;utente pagher\u00e0 tale quota nelle forme da lui scelte al costo che sar\u00e0 definito al momento dell&#8217;accettazione del servizio. <\/p>\n\n\n\n<h4 class=\"wp-block-heading\">Comunicazioni tra l&#8217;editore e l&#8217;amministratore del sito e l&#8217;utente<\/h4>\n\n\n\n<p>Se l&#8217;utente deve indicare nel modulo di registrazione online che desidera ricevere informazioni dall&#8217;editore, dall&#8217;amministratore del sito e dai soggetti con questi correlati, con il suo consenso, in conformit\u00e0 con la normativa vigente, i dati di contatto dell&#8217;utente possono essere utilizzati per l&#8217;invio di materiale promozionale relativo a questi argomenti.<br> <br> L&#8217;editore e l&#8217;amministratore del sito si riservano in ogni caso il diritto di inviare all&#8217;utente comunicazioni via e-mail per informarlo di modifiche e\/o aggiunte relative al sito e ai relativi servizi.<br> <br> I dati statistici e quelli relativi all&#8217;utilizzo del sito, dopo essere stati resi anonimi, possono essere utilizzati dall&#8217;editore e dall&#8217;amministratore del sito per attivit\u00e0 di ricerca e analisi. Per maggiori dettagli, l&#8217;utente pu\u00f2 visualizzare le informazioni sul trattamento dei dati personali.<br> <br> L&#8217;editore e l&#8217;amministratore del sito possono contattare l&#8217;utente via e-mail per partecipare a sondaggi, richieste di commenti sul sito e su prodotti e servizi esistenti o da creare. Queste informazioni non saranno condivise con terzi, se non in forma aggregata, e saranno utilizzate solo per migliorare il sito e i servizi.<\/p>\n\n\n\n<h4 class=\"wp-block-heading\">Licenze d&#8217;uso del software<\/h4>\n\n\n\n<p>L&#8217;utente non acquisisce alcun diritto in relazione all&#8217;utilizzo del software presente sul sito al di fuori dell&#8217;uso necessario per l&#8217;utilizzo dei servizi. Pertanto, l&#8217;utente non pu\u00f2 concedere diritti d&#8217;uso, assegnare o trasferire licenze in relazione a tale software. L&#8217;utente \u00e8 autorizzato esclusivamente a fare una copia del software per uso personale, fatto salvo il divieto di distribuire, modificare, rielaborare o disegnare opere derivate di tale software.<\/p>\n\n\n\n<h4 class=\"wp-block-heading\">Durata del conto<\/h4>\n\n\n\n<p>L&#8217;utente pu\u00f2 cancellare il proprio account in qualsiasi momento scrivendo a info@bestvision.group o inviando una lettera certificata con avviso di ricevimento a Best Vision Group. L&#8217;utente ricever\u00e0 una comunicazione che conferma la ricezione della richiesta e la successiva cancellazione dell&#8217;account. Resta inteso che l&#8217;utente \u00e8 responsabile di tutte le attivit\u00e0 svolte con l&#8217;account fino al momento dell&#8217;effettiva disattivazione. L&#8217;editore e l&#8217;amministratore del sito possono, a loro discrezione, annullare o sospendere temporaneamente l&#8217;accesso a tutto o parte del sito e dei servizi per qualsiasi motivo, compresa, senza limitazione, qualsiasi violazione delle regole descritte nelle presenti condizioni di accesso al servizio. <\/p>\n\n\n\n<h4 class=\"wp-block-heading\">Varie<\/h4>\n\n\n\n<p>Queste condizioni di accesso sono state formulate alla luce delle leggi in vigore in Svizzera. Il tribunale competente per l&#8217;applicazione di queste regole \u00e8 il Foro Giuridico di Ginevra.<br><br> Le presenti condizioni di accesso devono essere applicate e interpretate secondo le regole generali stabilite sul sito bestvision.group e su qualsiasi sito di Best Vision Group.<br><br> L&#8217;utente pu\u00f2 contattare Best Vision Group inviando una e-mail a info@bestvision.group per qualsiasi comunicazione relativa a queste condizioni di accesso.<br><br> L&#8217;utente dichiara che si impegna ad informare l&#8217;editore di qualsiasi violazione relativa alle presenti condizioni di accesso non appena ne venga a conoscenza. In particolare, in caso di azioni legali relative alla violazione del diritto d&#8217;autore in relazione ai materiali pubblicati dal sito o dai servizi collegati, l&#8217;utente \u00e8 invitato a segnalare le informazioni in suo possesso scrivendo a info@bestvision.group o inviando una lettera raccomandata A\/R indirizzata a Best Vision Group.<\/p>\n\n\n\n<h4 class=\"wp-block-heading\">Protezione dei dati personali<\/h4>\n\n\n\n<p>I dati personali forniti dall&#8217;utente sono protetti in conformit\u00e0 alle disposizioni del D.Lgs. 196\/2003 &#8220;Codice in materia di protezione dei dati personali&#8221; e successive modifiche e integrazioni. L&#8217;editore rende note le modalit\u00e0 di gestione utilizzate per tutelare la privacy dei lettori che utilizzano il sito nella Privacy Policy (indicata sul sito).<br> Le informazioni personali inviate al sito saranno trattate in conformit\u00e0 alla legge sulla protezione dei dati personali. Qualsiasi informazione non personale comunicata all&#8217;editore, all&#8217;amministratore del sito e al proprietario del blog (tra cui idee, disegni, progetti, ecc.) dar\u00e0 a quest&#8217;ultimo il diritto di utilizzare, riprodurre, mostrare, eseguire, modificare, pubblicare e distribuire tali informazioni non personali. La comunicazione di tali informazioni comporter\u00e0 automaticamente il trasferimento delle stesse, a titolo gratuito e con tutti i pi\u00f9 ampi diritti e poteri, a Best Vision Group.<br><br> Il sito offre contenuti informativi e interattivi. Durante la navigazione nel sito, \u00e8 possibile acquisire informazioni sull&#8217;utente, o pi\u00f9 in generale sul visitatore, nei seguenti modi. <\/p>\n\n\n\n<h4 class=\"wp-block-heading\">Dati di navigazione<\/h4>\n\n\n\n<p>Il sito raccoglie informazioni tecniche relative all&#8217;hardware e al software utilizzati dai visitatori, utilizzando strumenti autonomi per l&#8217;analisi dei file di connessione. Queste informazioni si riferiscono a:<\/p>\n\n\n\n<ul class=\"wp-block-list\"><li>Indirizzo IP<\/li><li>Tipo di browser<\/li><li>Fornitore di servizi Internet<\/li><li>Sistema operativo<\/li><li>Nome del dominio e indirizzi del sito web da cui si \u00e8 avuto accesso o da cui si \u00e8 usciti (pagine di riferimento \/ di uscita)<\/li><li>Informazioni sulle pagine visitate dai lettori all&#8217;interno del sito<\/li><li>Tempo di accesso<\/li><li>Tempo di accesso<\/li><li>Rimani su una pagina<\/li><li>Analisi interna del percorso (clickstream)<\/li><li>Risoluzione video<\/li><li>Tipo di connessione<\/li><li>Paese da cui l&#8217;utente si collega<\/li><li>Presenza di plugin java installati<\/li><\/ul>\n\n\n\n<p> Queste informazioni non forniscono dati personali dell&#8217;utente, ma solo dati tecnici\/informatici che vengono raccolti e utilizzati in modo aggregato e anonimo al solo scopo di migliorare la qualit\u00e0 del servizio e fornire sull&#8217;utilizzo del sito. Questi dati vengono cancellati immediatamente dopo l&#8217;elaborazione. <\/p>\n\n\n\n<h4 class=\"wp-block-heading\">Dati forniti dall&#8217;utente<\/h4>\n\n\n\n<p>Questo caso comprende lo scenario in cui \u00e8 l&#8217;utente stesso che rilascia i propri dati personali sul sito, dopo aver letto le informazioni per accedere a determinati servizi o per inviare le richieste via e-mail. Ci\u00f2 comporta l&#8217;acquisizione da parte del titolare del sito dell&#8217;indirizzo del mittente e\/o di ogni altro dato personale che verr\u00e0 trattato esclusivamente per rispondere alle richieste effettuate o per fornire il servizio richiesto. In ogni caso, prima di procedere all&#8217;attivazione di uno specifico servizio, saranno fornite adeguate informazioni e, ove necessario, sar\u00e0 stato ottenuto il relativo consenso al trattamento dei dati personali. Tale consenso pu\u00f2 essere successivamente revocato in qualsiasi momento, invalidando la possibilit\u00e0 di utilizzare il servizio in questione. I dati raccolti sono conservati per il tempo strettamente necessario a conseguire gli scopi per cui il trattamento \u00e8 effettuato, ovvero l&#8217;attivazione\/gestione del servizio richiesto. <\/p>\n\n\n\n<h4 class=\"wp-block-heading\">Cookies<\/h4>\n\n\n\n<p>I cookie sono informazioni che possono essere memorizzate sul computer durante la navigazione di un sito web, per elaborare e identificare i dati di utilizzo. Il file cookie \u00e8 di solito molto piccolo e non contribuisce alla saturazione dello spazio fisico del disco rigido. Il cookie viene trasferito sul disco dell&#8217;utente a scopo di registrazione per &#8216;memorizzare&#8217; quali aree di un sito web sono state visitate. Questa opzione consente di risparmiare tempo, permettendo all&#8217;utente di raggiungere pi\u00f9 velocemente le parti principali di un sito precedentemente visitato. Ci sono diversi tipi di cookie:<\/p>\n\n\n\n<ul class=\"wp-block-list\"><li>Permanenti, cio\u00e8 rimangono sul disco rigido, anche una volta chiuso il browser<\/li><li>Temporanea o di sessione, che vengono memorizzate solo per la durata della navigazione e vengono rimosse dal computer quando      il browser \u00e8 chiuso<\/li><li>Da parte di terzi, generato da un sito web diverso da quello che state visitando attualmente.<\/li><\/ul>\n\n\n\n<p>I\ncookie utilizzati dal proprietario del sito web sono una combinazione di questi\ntre tipi: alcuni sono utilizzati solo per aprire e mantenere una sessione\n(cookie temporanei). In questo caso, la chiusura della sessione o del browser\nli render\u00e0 inutilizzabili sia da noi che da terzi, anche se rimangono\nfisicamente sul PC utilizzato (cookie permanenti). A fini puramente statistici,\nvengono emessi anche cookie di terze parti per la misurazione di informazioni\naggregate. <\/p>\n\n\n\n<p>Per\noffrire un sito che soddisfi le aspettative e gli interessi dell&#8217;utente, viene\neffettuata una costante analisi dei dati raccolti nei cookies; questi dati\nindicano in modo anonimo unicamente come viene utilizzato il sito, cio\u00e8 le aree\ne le sezioni che sono considerate di maggiore interesse e utilit\u00e0 per i\nbrowser. <\/p>\n\n\n\n<p>L&#8217;utente\nha il diritto di configurare il proprio browser in modo che accetti tutti i\ncookie, solo alcuni, o li rifiuti. <\/p>\n\n\n\n<p>Tuttavia, notiamo che il fatto di non accettare i cookies potrebbe rendere impossibile la fornitura del servizio in caso di accesso ad alcune aree del sito.  Va inoltre ricordato che al termine di ogni sessione di navigazione l&#8217;utente pu\u00f2, in ogni caso, cancellare sia la cache di navigazione sia i cookie raccolti dal proprio disco fisso.<br><br> Il trattamento \u00e8 effettuato attraverso strumenti automatizzati (ad esempio, utilizzando procedure e mezzi elettronici) e\/o manualmente (ad esempio, su supporto cartaceo) per il tempo strettamente necessario a conseguire gli scopi per i quali i dati sono stati raccolti e, comunque, nel rispetto della normativa vigente. <\/p>\n\n\n\n<h4 class=\"wp-block-heading\">Disattivare i cookie nel browser<\/h4>\n\n\n\n<p>Queste sono le istruzioni per configurare i cookie nei principali browser:<\/p>\n\n\n\n<ul class=\"wp-block-list\"><li>Crome: Impostazioni -&gt; Mostra opzioni  avanzate -&gt; Privacy -&gt; Impostazioni dei contenuti.<br>Per ulteriori informazioni, \u00e8 possibile consultare il supporto di Google o la guida del browser.<\/li><li>Firefox: Strumenti -&gt; Opzioni -&gt; Privacy -&gt; Storia -&gt; Impostazioni      personalizzate. Per ulteriori informazioni, \u00e8 possibile consultare il      supporto Mozilla o la guida del browser.&nbsp;&nbsp;&nbsp;&nbsp; <\/li><li>Internet Explorer: Strumenti -&gt; Opzioni Internet -&gt; Privacy -&gt; Impostazione. Per ulteriori informazioni, \u00e8 possibile consultare il supporto Microsoft o la guida del browser.<\/li><li>Safari: Preferenze -&gt; Sicurezza. Per ulteriori informazioni, potete consultare il supporto Apple o la guida del browser.&nbsp; <\/li><\/ul>\n","protected":false},"excerpt":{"rendered":"Termini e condizioni di utilizzo Regole generali e definizioni Utilizzando i servizi collegati al sito Best Vision Group (di seguito denominati &#8220;i servizi&#8221; o &#8220;il servizio&#8221;), l&#8217;utente deve rispettare le condizioni e i termini di utilizzo di seguito indicati. Le presenti condizioni si applicano a tutte le societ\u00e0 del gruppo Best Vision (di seguito anche&#8230; <a class=\"view-article\" href=\"https:\/\/bestvision.group\/it\/home\/conditions-of-use\/\">Mostra articolo<\/a>","protected":false},"author":4,"featured_media":0,"parent":1194,"menu_order":0,"comment_status":"closed","ping_status":"closed","template":"conditions.php","meta":{"footnotes":""},"class_list":["post-1209","page","type-page","status-publish","hentry"],"_links":{"self":[{"href":"https:\/\/bestvision.group\/it\/wp-json\/wp\/v2\/pages\/1209"}],"collection":[{"href":"https:\/\/bestvision.group\/it\/wp-json\/wp\/v2\/pages"}],"about":[{"href":"https:\/\/bestvision.group\/it\/wp-json\/wp\/v2\/types\/page"}],"author":[{"embeddable":true,"href":"https:\/\/bestvision.group\/it\/wp-json\/wp\/v2\/users\/4"}],"replies":[{"embeddable":true,"href":"https:\/\/bestvision.group\/it\/wp-json\/wp\/v2\/comments?post=1209"}],"version-history":[{"count":0,"href":"https:\/\/bestvision.group\/it\/wp-json\/wp\/v2\/pages\/1209\/revisions"}],"up":[{"embeddable":true,"href":"https:\/\/bestvision.group\/it\/wp-json\/wp\/v2\/pages\/1194"}],"wp:attachment":[{"href":"https:\/\/bestvision.group\/it\/wp-json\/wp\/v2\/media?parent=1209"}],"curies":[{"name":"wp","href":"https:\/\/api.w.org\/{rel}","templated":true}]}}