{"id":1231,"date":"2019-10-31T08:48:24","date_gmt":"2019-10-31T08:48:24","guid":{"rendered":"https:\/\/bestvision.group\/home\/responsibility\/"},"modified":"2020-03-23T14:33:25","modified_gmt":"2020-03-23T14:33:25","slug":"responsibility","status":"publish","type":"page","link":"https:\/\/bestvision.group\/es\/home\/responsibility\/","title":{"rendered":"Responsibility"},"content":{"rendered":"\n<h1 class=\"wp-block-heading\">Notas legales<\/h1>\n\n\n\n<h2 class=\"wp-block-heading\">T\u00e9rminos y condiciones de uso<\/h2>\n\n\n\n<p>El sitio bestvision.group es propiedad exclusiva de Best Vision Group, (en adelante \u00abBest Vision\u00bb o \u00abBest Vision Group\u00bb). El acceso y la navegaci\u00f3n en el sitio por parte de los usuarios individuales es gratuito y est\u00e1 sujeto a la aceptaci\u00f3n de los t\u00e9rminos y condiciones de estos avisos legales. El usuario reconoce y, en todo caso, acepta: (i) que Best Vision se reserva el derecho de modificar los t\u00e9rminos y condiciones de las presentes notas legales en cualquier momento, comunicando las modificaciones a los usuarios mediante un aviso general adjunto al sitio o mediante un enlace a este aviso y (ii) que, a partir del momento de cada aviso general ahora mencionado, las notas legales modificadas constituir\u00e1n los nuevos t\u00e9rminos y condiciones de acceso y navegaci\u00f3n en el sitio (estas notas legales, ya que gradualmente las \u00abNotas legales\u00bb est\u00e1n sujetas a posibles modificaciones continuas). <\/p>\n\n\n\n<p><strong>Derecho aplicable<\/strong><\/p>\n\n\n\n<p>Para Europa, las notas legales se rigen por la ley suiza, la Corte de Ginebra. <br>Para Am\u00e9rica, las notas legales se rigen por la ley de los Estados Unidos de Am\u00e9rica, la Corte de Miami.<br>Para \u00c1frica, las notas jur\u00eddicas se rigen por la ley suiza, la Corte de Ginebra. <br>Para Asia, las notas jur\u00eddicas se rigen por el derecho suizo, la Corte de Ginebra.<br>Para Australia, las notas legales se regir\u00e1n por la ley de los Estados Unidos de Am\u00e9rica, la Corte de Miami.<\/p>\n\n\n\n<p><strong>Derechos de propiedad intelectual<\/strong><\/p>\n\n\n\n<p>\u2022         En ning\u00fan caso, los contenidos del Website, a t\u00edtulo de ejemplo y sin limitaci\u00f3n, las obras, im\u00e1genes, fotograf\u00edas, di\u00e1logos, m\u00fasica, sonidos, v\u00eddeos, textos y cualquier otro material en cualquier formato, incluyendo, a t\u00edtulo de ejemplo y no exhaustivo, men\u00fas, p\u00e1ginas web, gr\u00e1ficos, colores, esquemas, herramientas, caracteres, dise\u00f1o, diagramas, dise\u00f1os, m\u00e9todos, Los procesos, funciones y software (individualmente y\/o colectivamente \u00abContenido\u00bb) y los signos y\/o logotipos distintivos relativos son propiedad exclusiva de BestVision o en su disponibilidad exclusiva, pueden ser utilizados de ninguna manera y\/o forma sin el consentimiento previo y por escrito de BestVision. A menos que se indique expresamente lo contrario en el Website, el Contenido que Usted puede ver y\/o escuchar s\u00f3lo en el modo &#8216;Streaming&#8217;. Por \u00abStreaming\u00bb se entiende la modalidad de visualizaci\u00f3n y\/o escucha de los contenidos en tiempo real sin necesidad y\/o posibilidad de reproducci\u00f3n, temporal o permanente, de distribuci\u00f3n, de redistribuci\u00f3n, decomunicaci\u00f3n al p\u00fablico u de otro uso, en cualquier forma o modalidad diferente al \u00abStreaming\u00bb definido aqu\u00ed.   <br> \u2022        En el caso de que se proporcionen c\u00f3digos de enlace en el website web relacionados con un contenido espec\u00edfico, estos c\u00f3digos pueden ser utilizados por los usuarios s\u00f3lo para su propio uso directo, personal y privado y siempre que el uso mencionado no se produzca para fines de tipo directo o indirecto. comercial y \/ o con fines de lucro.   <br> \u2022        Cualquier uso de los c\u00f3digos y\/o Contenido que viole los l\u00edmites indicados en las Notas Legales, o que sea contrario a la ley, es ilegal y, por lo tanto, ser\u00e1 denunciado por BestVision a las autoridades competentes.   <br> \u2022        Las marcas registradas y los logotipos de &#8216;BestVision&#8217;, incluyendo el nombre de dominio &#8216;bestvision.group&#8217;, est\u00e1n disponibles para su uso exclusivamente para BestVision o para las empresas del Grupo BestVision. Estas marcas registradas, logotipos y dominios no pueden ser utilizados de ninguna manera sin el consentimiento previo por escrito de BestVision.<\/p>\n\n\n\n<p><strong>Enlaces a otros websites<\/strong><\/p>\n\n\n\n<ul class=\"wp-block-list\"><li>&nbsp;&nbsp;&nbsp; El Website puede contener enlaces de      texto (los \u00abenlaces\u00bb) a otros websites que no tienen ninguna      conexi\u00f3n con el Website. BestVision no controla ni supervisa estos websites,      ni sus contenidos y nisus reglas.&nbsp;&nbsp; <\/li><li>&nbsp;&nbsp;&nbsp; Cualquier enlace a otros websites no      debe ser entendido de ninguna manera. como una actividad de BestVision      para promocionarlos y\/o el contenido publicado en ellos.&nbsp;<\/li><\/ul>\n\n\n\n<p><strong>Cookies<\/strong><\/p>\n\n\n\n<p>El Website puede contener cookies de sesi\u00f3n (que no se almacenan de forma permanente en el ordenador del usuario y desaparecen cuando \u00e9ste cierra el navegador) para permitir a los usuarios un mejor uso del Website. Para recibir las Cookies puede configurar su navegador con la intenci\u00f3n de ser notificado de la presencia de cookies y decidir entonces si las acepta o no. Tambi\u00e9n el navegador puede ser configurado para rechazar autom\u00e1ticamente todas las cookies; en este caso, sin embargo, es posible que el usuario no pueda acceder a todos los servicios disponibles en el Website.<\/p>\n\n\n\n<p><strong>Limitaciones de responsabilidad<\/strong><\/p>\n\n\n\n<p>\u2022        El usuario reconoce y acepta que su acceso y navegaci\u00f3n en el Website se realiza bajo su propio riesgo y bajo su exclusiva responsabilidad.   <br> \u2022        El usuario tambi\u00e9n reconoce y acepta que el Website se proporciona \u00abtal cual\u00bb y \u00abseg\u00fan est\u00e9 disponible\u00bb y que puede ser temporalmente inaccesible o contener defectos o problemas de rendimiento .   <br> \u2022        Best Vision no asume ninguna responsabilidad por el contenido, los materiales y\/o la informaci\u00f3n introducida en el Website por los usuarios en los espacios virtuales que BestVision pone a disposici\u00f3n de los usuarios para la interacci\u00f3n con el Website (\u00abContenido de Usuario\u00bb).   <br> \u2022        Best Vision no ser\u00e1 responsable por ninguna p\u00e9rdida o da\u00f1o que se produzca o est\u00e9 relacionado de alguna manera con el uso o la operaci\u00f3n del Website, incluyendo, entre otros, da\u00f1os por p\u00e9rdida de negocios, p\u00e9rdida de ganancias, interrupci\u00f3n de negocios, p\u00e9rdida de informaci\u00f3n de negocios y\/o cualquier otro tipo de p\u00e9rdida pecuniaria, excepto en casos de mala conducta intencional o de negligencia grave de BestVision.<\/p>\n\n\n\n<p><strong>Reporte de abuso<\/strong><\/p>\n\n\n\n<p>\u2022        Se ruega a los usuarios que hayan identificado cualquier Contenido de usuario que consideren ilegal, inapropiado, ofensivode que informen a Best Vision inmediatamente, completando el formulario de reporte de abuso disponible en el Website, en la parte inferior de la p\u00e1gina de inicio.   <br> \u2022        Se invita al usuario a un uso responsable de sus informes. Los informes que resulten infundados y\/o ileg\u00edtimos ocasionaran una responsabilidad para ustedes.<\/p>\n\n\n\n<p><strong>Leyes aplicables<\/strong><\/p>\n\n\n\n<p>Las notas legales se rigen por la ley suiza, la Corte de Ginebra . <br>Best Vision Group.<\/p>\n","protected":false},"excerpt":{"rendered":"Notas legales T\u00e9rminos y condiciones de uso El sitio bestvision.group es propiedad exclusiva de Best Vision Group, (en adelante \u00abBest Vision\u00bb o \u00abBest Vision Group\u00bb). El acceso y la navegaci\u00f3n en el sitio por parte de los usuarios individuales es gratuito y est\u00e1 sujeto a la aceptaci\u00f3n de los t\u00e9rminos y condiciones de estos avisos&#8230; <a class=\"view-article\" href=\"https:\/\/bestvision.group\/es\/home\/responsibility\/\">Ver art\u00edculo<\/a>","protected":false},"author":4,"featured_media":0,"parent":1196,"menu_order":0,"comment_status":"closed","ping_status":"closed","template":"responsibility.php","meta":{"footnotes":""},"class_list":["post-1231","page","type-page","status-publish","hentry"],"_links":{"self":[{"href":"https:\/\/bestvision.group\/es\/wp-json\/wp\/v2\/pages\/1231"}],"collection":[{"href":"https:\/\/bestvision.group\/es\/wp-json\/wp\/v2\/pages"}],"about":[{"href":"https:\/\/bestvision.group\/es\/wp-json\/wp\/v2\/types\/page"}],"author":[{"embeddable":true,"href":"https:\/\/bestvision.group\/es\/wp-json\/wp\/v2\/users\/4"}],"replies":[{"embeddable":true,"href":"https:\/\/bestvision.group\/es\/wp-json\/wp\/v2\/comments?post=1231"}],"version-history":[{"count":0,"href":"https:\/\/bestvision.group\/es\/wp-json\/wp\/v2\/pages\/1231\/revisions"}],"up":[{"embeddable":true,"href":"https:\/\/bestvision.group\/es\/wp-json\/wp\/v2\/pages\/1196"}],"wp:attachment":[{"href":"https:\/\/bestvision.group\/es\/wp-json\/wp\/v2\/media?parent=1231"}],"curies":[{"name":"wp","href":"https:\/\/api.w.org\/{rel}","templated":true}]}}