{"id":1211,"date":"2019-10-31T08:41:40","date_gmt":"2019-10-31T08:41:40","guid":{"rendered":"https:\/\/bestvision.group\/home\/conditions-of-use\/"},"modified":"2020-03-23T14:31:20","modified_gmt":"2020-03-23T14:31:20","slug":"conditions-of-use","status":"publish","type":"page","link":"https:\/\/bestvision.group\/es\/home\/conditions-of-use\/","title":{"rendered":"Conditions-of-use"},"content":{"rendered":"\n<h2 class=\"wp-block-heading\">T\u00e9rminos y condiciones de uso<\/h2>\n\n\n\n<h4 class=\"wp-block-heading\">Normas generales y definiciones<\/h4>\n\n\n\n<p>Al utilizar los servicios relacionados con la pagina webpagina web pagina web Best Vision Group (en adelante denominados \u00ablos servicios\u00bb o \u00abel servicio\u00bb), el usuario debe cumplir con las condiciones y los t\u00e9rminos de uso que se exponen a continuaci\u00f3n. Estas condiciones se aplican a Best Vision Group administrador de los contenidos de la weby los servicios relacionados.<\/p>\n\n\n\n<p>Best Vision Group se reserva el derecho de modificar, a\u00f1adir o eliminar partes de estas condiciones, informando a las partes interesadas de los cambios publicados a trav\u00e9s en lapagina web pagina web pagina web o por correo electr\u00f3nico. Es necesario que cada usuario compruebe peri\u00f3dicamente estas condiciones para determinar los cambios que se produjeron despu\u00e9s de la \u00faltima consulta del pagina web . En este caso, el uso del pagina web pagina web y de sus servicios implica la aceptaci\u00f3n de los cambios que se han producido entretanto.<\/p>\n\n\n\n<p>Si no se aceptan los cambios, el usuario puede cancelar su cuenta en cualquier momento escribiendo a info@bestvision.group o enviando una carta certificada con confirmaci\u00f3n  de entrega dirigida a Best Vision Group, sin perjuicio de que el uso continuado de los servicios implique la aceptaci\u00f3n de las nuevas condiciones.<\/p>\n\n\n\n<p>Best Vision Group se reserva el derecho de modificar, interrumpir o incluso interrumpir parcialmente los servicios, incluyendo el acceso a la base de datos o al contenido. Best Vision Group tambi\u00e9n puede introducir restricciones de acceso o de servicio, en su totalidad o en parte, sin previo aviso y sin asumir la responsabilidad de dicha limitaci\u00f3n del servicio.<\/p>\n\n\n\n<h4 class=\"wp-block-heading\">Contenidos y servicios del pagina web bestvision.group y su utilizaci\u00f3n por los usuarios<\/h4>\n\n\n\n<p>Los contenidos y servicios de la pagina web pagina web bestvision.group est\u00e1n destinados a un uso personal y no profesional. Todos los materiales publicados en el pagina web pagina web (incluyendo, por ejemplo, art\u00edculos informativos, fotograf\u00edas, im\u00e1genes, ilustraciones, grabaciones de audio y\/o v\u00eddeo, en adelante tambi\u00e9n denominados \u00abcontenido\u00bb) est\u00e1n protegidos por las leyes de derechos de autor y son propiedad del editor o de aquellos que leg\u00edtimamente tienen derechos relativos. El usuario deber\u00e1 cumplir con cualquier informaci\u00f3n adicional que pueda estar presente en el pagina web pagina web en relaci\u00f3n con la propiedad intelectual de los contenidos a los que se acceda a trav\u00e9s de los servicios del pagina web .<\/p>\n\n\n\n<p>Los servicios del pagina web pagina web y sus contenidos est\u00e1n protegidos por las leyes de derechos de autor vigentes en Suiza y en USA y por las leyes internacionales de derechos de autor. El usuario no est\u00e1 autorizado a modificar, publicar, transmitir, compartir, transferir en uso por ning\u00fan motivo, reproducir (m\u00e1s all\u00e1 de los l\u00edmites especificados a continuaci\u00f3n), reprocesar, distribuir, ejecutar, dar acceso o explotar comercialmente los contenidos o servicios de cualquier manera (incluyendo el software) de este pagina web web site, incluso parcialmente.<\/p>\n\n\n\n<p>El usuario, s\u00f3lo para uso personal, est\u00e1 autorizado a descargar o copiar los contenidos y cualquier otro material descargable disponible a trav\u00e9s de los servicios del pagina web , siempre que informe fielmente de todas las indicaciones de copyright y otras indicaciones informadas en el pagina web . Se proh\u00edbe expresamente la reproducci\u00f3n y la recopilaci\u00f3n de cualquier contenido por motivos distintos del uso personal, a menos que se cuente con la autorizaci\u00f3n previa y expresa por escrito del editor o del titular de los derechos de autor, tal como se indica en el pagina web .<\/p>\n\n\n\n<p>Los contenidos que provienen de agencias de prensa u otras paginas web , son publicados por el editor que no asume ninguna responsabilidad por la incompletitud, inexactitudes, errores, omisiones en cuanto a la integridad de la informaci\u00f3n y no se hace responsable de ning\u00fan da\u00f1o consecuente.<\/p>\n\n\n\n<p>El servicio rss, que consiste en un contenido informativo que puede ser descargado al ordenador a trav\u00e9s de \u00abprogramas de agregaci\u00f3n\u00bb, se hace accesible s\u00f3lo para uso personal y se excluye cualquier uso con fines comerciales. Cualquier uso diferente, incluyendo, por ejemplo, la inserci\u00f3n de mensajes publicitarios, la combinaci\u00f3n con productos o la entrega prolongada con fines publicitarios est\u00e1n prohibidos de cualquier manera. El usuario no puede modificar o distribuir de ninguna manera los servicios de rss y las conexiones que provienen del pagina web bestvision.group a terceros. El servicio rss y los contenidos relativos est\u00e1n protegidos por las leyes italianas sobre el derecho de autor y por las normas internacionales correspondientes.<\/p>\n\n\n\n<p>El editor se reserva el derecho de interrumpir el servicio rss en cualquier momento y de impedir al usuario el uso del material descargado de cualquier manera, sin limitaciones y sin previo aviso. El editor no asume ninguna responsabilidad en relaci\u00f3n con los contenidos y el servicio rss y su uso con respecto a los da\u00f1os o limitaciones de uso de los pagina web s web, los ordenadores que han utilizado dichos servicios y contenidos.<\/p>\n\n\n\n<h4 class=\"wp-block-heading\">Acceso y disponibilidad del servicio. Uso de los enlaces<\/h4>\n\n\n\n<p>El pagina web bestvision.group contiene enlaces a otros recursos de Internet. El editor no se hace responsable de la accesibilidad y disponibilidad de estos recursos externos a su pagina web , ni de sus contenidos. Por lo tanto, se invita al usuario a contactar con el administrador o el webmaster de dichas paginas web s externos si encuentra problemas con dicho contenido.<\/p>\n\n\n\n<h4 class=\"wp-block-heading\">Registro y seguridad<\/h4>\n\n\n\n<p>Como parte del proceso de registro, el usuario debe elegir su propia identificaci\u00f3n de usuario y contrase\u00f1a.<\/p>\n\n\n\n<p>El usuario no puede usar el ID de usuario de otra persona con la intenci\u00f3n de utilizar su identidad.. Tambi\u00e9n est\u00e1 prohibido el uso de una identificaci\u00f3n de usuario que el editor, a su discreci\u00f3n, considere perjudicial para los derechos de terceros, o en cualquier caso ofensivo o escandaloso.<\/p>\n\n\n\n<p>La contrase\u00f1a elegida por el usuario al registrarse en los servicios e introducida en el formulario correspondiente o en el formulario de registro es personal e intransferible. Los usuarios deben guardar la contrase\u00f1a con el mayor cuidado y mantenerla confidencial para evitar el uso del servicio por parte de terceros no autorizados. Por tanto, ser\u00e1n responsables del uso, por parte de terceros autorizados o no autorizados, de los citados identificadores, as\u00ed como de los da\u00f1os y perjuicios causados al propietario, editor y\/o terceros de blog por el incumplimiento de lo anterior.<\/p>\n\n\n\n<p>El incumplimiento de estas reglas resultar\u00e1 en la violaci\u00f3n de las condiciones generales de uso y puede resultar en la cancelaci\u00f3n inmediata de la cuenta de la parte infractora. En caso de uso  no autorizado de su cuenta, se invita al usuario a denunciarlo escribiendo a info@bestvision.group o enviando una carta certificada con confirmaci\u00f3n de entrega dirigida a Best Vision Group, proporcionando cualquier informaci\u00f3n detallada sobre la violaci\u00f3n y la notificaci\u00f3n de la p\u00e9rdida, o el secuestro no autorizado, o el robo de la contrase\u00f1a y la informaci\u00f3n personal.<\/p>\n\n\n\n<p>El usuario debe ser mayor de 18 a\u00f1os para registrarse en el servicio, aunque personas de todas las edades pueden acceder al servicio. Los menores de 18 a\u00f1os deben ser asistidos y autorizados por la autoridad parental.<\/p>\n\n\n\n<p>El usuario es plenamente responsable de cualquier acci\u00f3n realizada a trav\u00e9s de su cuenta, ya sea directamente o a trav\u00e9s de terceros autorizados por \u00e9l. Cualquier uso abusivo, fraudulento o ilegal puede resultar en la cancelaci\u00f3n inmediata de la cuenta, a discreci\u00f3n del editor o administrador de la pagina web , sin perjuicio del ejercicio de cualquier acci\u00f3n legal por parte de los titulares.<\/p>\n\n\n\n<h4 class=\"wp-block-heading\">Costos y pagos del servicio<\/h4>\n\n\n\n<p>Los servicios de la pagina web son gratuitos a menos que se especifique lo contrario. El editor y el administrador de la pagina web se reservan el derecho de proporcionar una tarifa para el acceso a partes de esta pagina web, servicios espec\u00edficos o a todo el website . En cualquier caso, el editor no solicitar\u00e1 el pago de ninguna cuota si no ha obtenido previamente una adhesi\u00f3n expresa a esta oferta. Por lo tanto, si el editor o administrador de la pagina web solicita en el futuro una cuota de acceso a partes del pagina web o a servicios que actualmente son gratuitos, el usuario recibir\u00e1 una comunicaci\u00f3n espec\u00edfica con una indicaci\u00f3n detallada de estos costos, brind\u00e1ndole al usuario la oportunidad de elegir si desea unirse al servicio. En caso de aceptaci\u00f3n, el usuario pagar\u00e1 esta tarifa en las formas que elija al costo que se definir\u00e1 en el momento de la aceptaci\u00f3n del servicio. <\/p>\n\n\n\n<h4 class=\"wp-block-heading\">Comunicaciones entre el editor y el administrador de la pagina web y el usuario<\/h4>\n\n\n\n<p>Si el usuario debe indicar en el formulario de inscripci\u00f3n en l\u00ednea que desea recibir informaci\u00f3n del editor, del administrador del pagina web y de los sujetos con los que se relaciona, con su consentimiento, de acuerdo con la legislaci\u00f3n vigente, los datos de contacto del usuario pueden ser utilizados para el env\u00edo de material promocional relacionado con estos temas.<\/p>\n\n\n\n<p>El editor y el administrador de la pagina web se reservan en todo caso el derecho de enviar al usuario comunicaciones por correo electr\u00f3nico para informarle sobre cambios o adiciones relacionados con el website y los servicios relacionados.<\/p>\n\n\n\n<p>Los datos estad\u00edsticos y los relativos al uso de la pagina web , despu\u00e9s de ser an\u00f3nimos, pueden ser utilizados por el editor y el administrador de Al pagina web para actividades de investigaci\u00f3n y an\u00e1lisis. Para m\u00e1s detalles, el usuario puede ver la informaci\u00f3n sobre el tratamiento de los datos personales.<\/p>\n\n\n\n<p>El editor y el administrador de la pagina web pueden ponerse en contacto con el usuario por correo electr\u00f3nico para participar en encuestas, solicitudes de comentarios sobre el website web y sobre los productos y servicios existentes o por crear. Esta informaci\u00f3n no ser\u00e1 compartida con terceros, excepto en forma agregada, y s\u00f3lo ser\u00e1 utilizada para mejorar elwebsite y los servicios.<\/p>\n\n\n\n<h4 class=\"wp-block-heading\">Licencias de uso de software<\/h4>\n\n\n\n<p>El usuario no adquiere ning\u00fan derecho en relaci\u00f3n con el uso del software presente en el pagina web pagina web fuera del uso necesario para utilizar los servicios. Por lo tanto, el usuario no puede conceder derechos de uso, asignar o transferir licencias en relaci\u00f3n con dicho software. El usuario est\u00e1 autorizado exclusivamente a realizar una copia del software para uso personal, sin perjuicio de la prohibici\u00f3n de distribuir, modificar, reelaborar o dibujar obras derivadas de dicho software.<\/p>\n\n\n\n<h4 class=\"wp-block-heading\">Duraci\u00f3n de la cuenta<\/h4>\n\n\n\n<p>El usuario puede cancelar su cuenta en cualquier momento escribiendo a info@bestvision.group o enviando una carta certificada con acuse de recibo a Best Vision Group. El usuario recibir\u00e1 una comunicaci\u00f3n confirmando la recepci\u00f3n de la solicitud y la posterior cancelaci\u00f3n de la cuenta. Se entiende que el usuario es responsable de todas las actividades realizadas con la cuenta hasta el momento de su desactivaci\u00f3n. El editor y el administrador del pagina web pagina web pueden, a su discreci\u00f3n, cancelar o suspender temporalmente el acceso a todo o parte del pagina web pagina web y de los servicios por cualquier raz\u00f3n, incluyendo, sin limitaci\u00f3n, cualquier violaci\u00f3n de las reglas descritas en estas condiciones de acceso al servicio.<\/p>\n\n\n\n<h4 class=\"wp-block-heading\">Varios<\/h4>\n\n\n\n<p>Estas condiciones de acceso han sido formuladas a la luz de las leyes vigentes en Suiza. El tribunal competente para la aplicaci\u00f3n de estas normas es  la Corte de Ginebra .<br><br> Las presentes condiciones de acceso deben aplicarse e interpretarse de acuerdo con las normas generales establecidas en el pagina web pagina web bestvision.group.<br><br> El usuario puede ponerse en contacto con Best Vision Group, enviando un correo electr\u00f3nico a info@bestvision.ch para cualquier comunicaci\u00f3n sobre estas condiciones de acceso.<br><br> El usuario declara que se compromete a informar al editor de cualquier violaci\u00f3n relacionada con las presentes condiciones de acceso en cuanto tenga conocimiento de ella. En particular, en caso de acciones legales relacionadas con la violaci\u00f3n de los derechos de autor en relaci\u00f3n con los materiales publicados por el pagina web pagina web o por los servicios conectados, el usuario est\u00e1 invitado a informar de cualquier informaci\u00f3n que tenga en su poder escribiendo a info@bestvision.ch o enviando una carta registrada A\/R dirigida a Best Vision Group. <\/p>\n\n\n\n<h4 class=\"wp-block-heading\">Protecci\u00f3n de datos personales<\/h4>\n\n\n\n<p>Los datos personales facilitados por el usuario est\u00e1n protegidos de acuerdo con lo dispuesto en el Decreto Legislativo 196\/2003 \u00abC\u00f3digo en materia de protecci\u00f3n de los datos personales\u00bb y sus modificaciones y sucesivas adiciones. El editor revela los m\u00e9todos de gesti\u00f3n utilizados para proteger la privacidad de los lectores que consultan el pagina web pagina web en la Pol\u00edtica de Privacidad (indicada en el pagina web ).<\/p>\n\n\n\n<p>Cualquier informaci\u00f3n personal enviada al pagina web pagina web ser\u00e1 tratada de acuerdo con la ley de protecci\u00f3n de datos. Cualquier informaci\u00f3n no personal comunicada al editor, al administrador del pagina web pagina web y al propietario del blog (incluyendo ideas, dibujos, proyectos, etc.) le dar\u00e1 a este \u00faltimo el derecho de usar, reproducir, mostrar, ejecutar, modificar, publicar y distribuir dicha informaci\u00f3n no personal. La comunicaci\u00f3n de dicha informaci\u00f3n dar\u00e1 lugar autom\u00e1ticamente a la cesi\u00f3n de la misma, de forma gratuita y con todos los derechos y facultades m\u00e1s amplios, a Best Vision Group.<\/p>\n\n\n\n<p>El pagina web pagina web ofrece un contenido informativo e interactivo. Mientras navega por el pagina web , puede adquirir informaci\u00f3n sobre el usuario, o m\u00e1s generalmente sobre el visitante, de las siguientes maneras:<\/p>\n\n\n\n<h4 class=\"wp-block-heading\">Datos de navegaci\u00f3n<\/h4>\n\n\n\n<p>El pagina web recopila informaci\u00f3n t\u00e9cnica relacionada con el hardware y el software utilizado por los visitantes, utilizando herramientas aut\u00f3nomas para analizar los archivos de conexi\u00f3n. Esta informaci\u00f3n se refiere a:<br> \u2022    Direcci\u00f3n IP<br> \u2022    Tipo de navegador<br> \u2022    proveedor de servicios de Internet<br> \u2022    Sistema operativo<br> \u2022    Nombre de dominio y direcciones de pagina web s web desde los que se ha accedido o se ha emitido (p\u00e1ginas de referencia \/ emisi\u00f3n)<br> \u2022    Informaci\u00f3n sobre las p\u00e1ginas visitadas por los lectores dentro del pagina web <br> \u2022    Tiempo de acceso<br> \u2022    Permanezca en una p\u00e1gina<br> \u2022    An\u00e1lisis de ruta interna (clickstream)<br> \u2022    Resoluci\u00f3n de video<br> \u2022    Tipo de conexi\u00f3n<br> \u2022    Pa\u00eds desde el cual el usuario se conecta<br> \u2022    Presencia de plugins de Java instalados<br> Esta informaci\u00f3n no proporciona los datos personales del usuario, sino s\u00f3lo datos t\u00e9cnicos \/ inform\u00e1ticos que se recogen y utilizan de forma agregada y an\u00f3nima con el \u00fanico fin de mejorar la calidad del servicio y la prestaci\u00f3n en el uso del pagina web . Estos datos se borran inmediatamente despu\u00e9s del tratamiento.<\/p>\n\n\n\n<h4 class=\"wp-block-heading\">Datos proporcionados por el usuario<\/h4>\n\n\n\n<p>Estos son los casos en los que el propio usuario emite sus datos personales en el pagina web , despu\u00e9s de haber le\u00eddo la informaci\u00f3n para acceder a determinados servicios o enviar solicitudes por correo electr\u00f3nico. Esto implica la adquisici\u00f3n por parte del propietario del pagina web pagina web de la direcci\u00f3n del remitente y\/o cualquier otro dato personal que ser\u00e1 procesado exclusivamente para responder a las solicitudes realizadas o para proporcionar el servicio solicitado. En todos los casos, antes de proceder a la activaci\u00f3n de un servicio espec\u00edfico, se proporcionar\u00e1 la informaci\u00f3n adecuada y, cuando sea necesario, se habr\u00e1 obtenido el relativo consentimiento para el tratamiento de los datos personales. Este consentimiento puede ser revocado posteriormente en cualquier momento, invalidando la posibilidad de utilizar el servicio en cuesti\u00f3n. Los datos recogidos se almacenan durante el tiempo estrictamente necesario para alcanzar la finalidad del tratamiento, es decir, la activaci\u00f3n\/gesti\u00f3n del servicio solicitado.<\/p>\n\n\n\n<h4 class=\"wp-block-heading\">Cookies<\/h4>\n\n\n\n<p>Las cookies son piezas de informaci\u00f3n que se pueden almacenar en el ordenador mientras se navega por un pagina web pagina web web, para procesar e identificar los datos de uso. El archivo de cookies suele ser muy peque\u00f1o y no contribuye a la saturaci\u00f3n del espacio f\u00edsico del disco duro. La cookie se transfiere al disco del usuario para prop\u00f3sitos de registro para &#8216;memorizar&#8217; qu\u00e9 \u00e1reas de un pagina web pagina web web han sido visitadas. Esta opci\u00f3n ahorra tiempo, permitiendo al usuario llegar m\u00e1s r\u00e1pidamente a las partes principales de un pagina web pagina web visitado anteriormente. Hay diferentes tipos de cookies:<br> \u2022    Permanente, es decir, permanecen en el disco duro, incluso una vez que se cierra el navegador<br> \u2022    Temporales o de sesi\u00f3n, que se memorizan s\u00f3lo durante la duraci\u00f3n de la navegaci\u00f3n y se eliminan del ordenador cuando se cierra el navegador<br> \u2022    De terceros, generados por un pagina web pagina web web distinto al que est\u00e1 visitando actualmente.<br> Las cookies utilizadas por el propietario del pagina web pagina web web son una combinaci\u00f3n de estos tres tipos: algunas se utilizan \u00fanicamente para abrir y mantener una sesi\u00f3n (cookies temporales). En este caso, el cierre de la sesi\u00f3n o del navegador los har\u00e1 inutilizables tanto para nosotros como para terceros, aunque permanezcan f\u00edsicamente en el PC utilizado (cookies permanentes). Con fines puramente estad\u00edsticos, las cookies de terceros tambi\u00e9n se emiten para la medici\u00f3n de la informaci\u00f3n agregada. Para ofrecer un pagina web pagina web que responda a las expectativas e intereses del usuario, se realiza un an\u00e1lisis constante de los datos recogidos en las cookies; estos datos indican de forma \u00fanica y an\u00f3nima c\u00f3mo se utiliza el pagina web , es decir, las \u00e1reas y secciones que se consideran de mayor inter\u00e9s y utilidad para los navegadores. El usuario tiene derecho a configurar su navegador para aceptar todas las cookies, s\u00f3lo algunas, o rechazarlas. No obstante, advertimos que el hecho de no aceptar cookies podr\u00eda imposibilitar la prestaci\u00f3n del servicio en caso de acceso a determinadas \u00e1reas del pagina web . Asimismo, se recuerda que al finalizar cada sesi\u00f3n de navegaci\u00f3n, el usuario puede, en todo caso, borrar tanto la memoria cach\u00e9 de navegaci\u00f3n como las cookies recogidas en su disco duro.<\/p>\n\n\n\n<p>El tratamiento se realiza a trav\u00e9s de instrumentos automatizados (por ejemplo, utilizando procedimientos y medios electr\u00f3nicos) y\/o manuales (por ejemplo, en papel) durante el tiempo estrictamente necesario para conseguir los fines para los que se han recogido los datos y, en cualquier caso, de conformidad con la legislaci\u00f3n vigente.<\/p>\n\n\n\n<h4 class=\"wp-block-heading\">Deshabilitar las cookies en el navegador<\/h4>\n\n\n\n<p>Estas son las instrucciones para configurar las cookies en los principales navegadores:<\/p>\n\n\n\n<ul class=\"wp-block-list\"><li>Crome: Ajustes-&gt;Mostrar opciones      avanzadas-&gt;Privacidad-&gt;Configuraci\u00f3n de contenidos<br>Para obtener m\u00e1s informaci\u00f3n, puede consultar el servicio de asistencia de      Google o la ayuda del navegador.&nbsp;&nbsp;&nbsp;&nbsp;      <\/li><li>Firefox:      Herramientas-&gt;Opciones-&gt;Privacidad-&gt;Historia-&gt;Configuraci\u00f3n      personalizada. <br>Para m\u00e1s informaci\u00f3n, puedes      consultar el soporte de Mozilla o la ayuda del navegador.&nbsp;&nbsp;&nbsp;&nbsp; <\/li><li>Internet Explorer: Herramientas-&gt;Opciones de      Internet-&gt;Privacidad-&gt;Configuraci\u00f3n. <br>Para obtener m\u00e1s informaci\u00f3n,      puede consultar el soporte t\u00e9cnico de Microsoft o la ayuda del explorador.&nbsp;&nbsp;&nbsp;&nbsp; <\/li><li> Safari: Preferencias-&gt; Seguridad.  &nbsp;&nbsp;&nbsp;  <br>Para m\u00e1s informaci\u00f3n, puedes consultar el soporte de Apple o la ayuda del navegador. <\/li><\/ul>\n\n\n\n<p><\/p>\n","protected":false},"excerpt":{"rendered":"T\u00e9rminos y condiciones de uso Normas generales y definiciones Al utilizar los servicios relacionados con la pagina webpagina web pagina web Best Vision Group (en adelante denominados \u00ablos servicios\u00bb o \u00abel servicio\u00bb), el usuario debe cumplir con las condiciones y los t\u00e9rminos de uso que se exponen a continuaci\u00f3n. Estas condiciones se aplican a Best&#8230; <a class=\"view-article\" href=\"https:\/\/bestvision.group\/es\/home\/conditions-of-use\/\">Ver art\u00edculo<\/a>","protected":false},"author":4,"featured_media":0,"parent":1196,"menu_order":0,"comment_status":"closed","ping_status":"closed","template":"conditions.php","meta":{"footnotes":""},"class_list":["post-1211","page","type-page","status-publish","hentry"],"_links":{"self":[{"href":"https:\/\/bestvision.group\/es\/wp-json\/wp\/v2\/pages\/1211"}],"collection":[{"href":"https:\/\/bestvision.group\/es\/wp-json\/wp\/v2\/pages"}],"about":[{"href":"https:\/\/bestvision.group\/es\/wp-json\/wp\/v2\/types\/page"}],"author":[{"embeddable":true,"href":"https:\/\/bestvision.group\/es\/wp-json\/wp\/v2\/users\/4"}],"replies":[{"embeddable":true,"href":"https:\/\/bestvision.group\/es\/wp-json\/wp\/v2\/comments?post=1211"}],"version-history":[{"count":0,"href":"https:\/\/bestvision.group\/es\/wp-json\/wp\/v2\/pages\/1211\/revisions"}],"up":[{"embeddable":true,"href":"https:\/\/bestvision.group\/es\/wp-json\/wp\/v2\/pages\/1196"}],"wp:attachment":[{"href":"https:\/\/bestvision.group\/es\/wp-json\/wp\/v2\/media?parent=1211"}],"curies":[{"name":"wp","href":"https:\/\/api.w.org\/{rel}","templated":true}]}}