{"id":1228,"date":"2019-10-31T08:48:24","date_gmt":"2019-10-31T08:48:24","guid":{"rendered":"https:\/\/bestvision.group\/home\/responsibility\/"},"modified":"2020-03-23T14:12:36","modified_gmt":"2020-03-23T14:12:36","slug":"responsibility","status":"publish","type":"page","link":"https:\/\/bestvision.group\/de\/home\/responsibility\/","title":{"rendered":"Responsibility"},"content":{"rendered":"\n<h1 class=\"wp-block-heading\"><strong>Rechtliche Hinweise<\/strong><\/h1>\n\n\n\n<h2 class=\"wp-block-heading\"><strong>Nutzungsbedingungen<\/strong><\/h2>\n\n\n\n<p>&nbsp;Die Website bestvision.group ist das exklusive Eigentum der Best Vision Group (im Folgenden als &#8222;Best Vision&#8220; oder &#8222;Best Vision Group&#8220; bezeichnet). Der Zugang und die Navigation auf der Website ist f\u00fcr den einzelnen Benutzer kostenlos und setzt die Annahme der Bedingungen dieser rechtlichen Hinweise voraus. Der Benutzer anerkennt und akzeptiert in jedem Fall: (i) dass Best Vision sich das Recht vorbeh\u00e4lt, die Bedingungen dieser rechtlichen Hinweise jederzeit zu \u00e4ndern, wobei die \u00c4nderungen den Benutzern mittels eines allgemeinen Hinweises, der der Website beigef\u00fcgt ist, oder mittels eines Links zu diesem Hinweis mitgeteilt werden, und (ii) dass ab dem Zeitpunkt jedes jetzt erw\u00e4hnten allgemeinen Hinweises die ge\u00e4nderten rechtlichen Hinweise die neuen Bedingungen f\u00fcr den Zugang und die Navigation auf der Website darstellen (diese rechtlichen Hinweise, da die &#8222;rechtlichen Hinweise&#8220; nach und nach einer st\u00e4ndigen potentiellen \u00c4nderung unterliegen). <\/p>\n\n\n\n<p><strong>Anwendbares Recht<\/strong><\/p>\n\n\n\n<p>F\u00fcr Europa werden die rechtlichen Hinweise durch das Schweizer Recht, Genfer Gericht, geregelt. <br>F\u00fcr Amerika unterliegen die rechtlichen Hinweise dem Recht der Vereinigten Staaten von Amerika, dem Gericht von Miami.<br>F\u00fcr Afrika werden die rechtlichen Hinweise durch das Schweizer Recht, Genfer Gericht, geregelt. <br>F\u00fcr Asien werden die rechtlichen Hinweise durch das Schweizer Recht, Genfer dem Gericht, geregelt.<br>F\u00fcr Australien unterliegen die rechtlichen Hinweise dem Recht der Vereinigten Staaten von Amerika, Miami.<\/p>\n\n\n\n<p><strong>Geistige Eigentumsrechte<\/strong><\/p>\n\n\n\n<ul class=\"wp-block-list\"><li>\u00a0Der gesamte Inhalt der Website, beispielhaft nicht beschr\u00e4nkt auf einzelne Werke, Bilder, Fotografien, Dialoge, Musik, T\u00f6ne, Videos, Texte und jedes andere Material in jedem Format, \u00a0als auch, Men\u00fcs, Webseiten, Grafiken, Farben, Schemata, Werkzeuge, Zeichen, Design, Diagramme, Designs, Methoden, Prozesse, Funktionen und Software (einzeln und \/ oder gemeinsam  &#8218;Inhalt&#8216;) und die Zeichen und \/ oder die entsprechenden  unterscheidungskr\u00e4ftigen Logos sind das ausschlie\u00dfliche Eigentum von  Best Vision und in seinen ausschlie\u00dflichen Eingentum und d\u00fcrfen in keinem  Fall ohne vorherige schriftliche Zustimmung von Best Vision in irgendeiner      Weise verwendet oder fremdgenutzt werden. Sofern nicht ausdr\u00fccklich anders  auf der Website angegeben, ist der Inhalt nur im &#8218;Streaming&#8216;-Modus  anzusehen und\/oder anzuh\u00f6ren. Unter &#8222;Streaming&#8220; versteht man die  Art und Weise der Visualisierung und \/ oder des Abh\u00f6rens diverser Inhalte in Echtzeit \u00a0ohne M\u00f6glichkeit der      Vervielf\u00e4ltigung, vor\u00fcbergehend oder dauerhaft, Verteilung, Umverteilung, Kommunikation an die \u00d6ffentlichkeit oder andere Nutzung, in irgendeiner  anderen Form oder Gestalt als dem hier definierten &#8222;Streaming&#8220; <\/li><li>F\u00fcr den Fall, dass auf der Site Embedding Link-Codes zu bestimmten Inhalten bereitgestellt werden, k\u00f6nnen diese Codes von den Nutzern nur f\u00fcr den eigenen direkten, pers\u00f6nlichen und privaten Gebrauch und solange die oben genannte Nutzung nicht direkt oder  indirekt, zu kommerziellen und \/ oder zu Profitzwecken erfolgt, verwendet      werden.\u00a0\u00a0 <\/li><li>Jede Verwendung von Codes und\/oder Inhalten, die gegen die in den rechtlichen Hinweisen angegebenen Aspekte oder  anderweitig gegen rechtliche Vorschriften verst\u00f6\u00dft, ist rechtswidrig und  wird daher von Best Vision bestraft.\u00a0\u00a0      <\/li><li>Eingetragene Marken und  &#8218;Best Vision&#8216;-Logos, einschlie\u00dflich der Namensdom\u00e4ne &#8218;Bestvision.Group&#8216;,  stehen ausschlie\u00dflich den Unternehmen der Best Vision-Gruppe zur Verf\u00fcgung. Die Nutzung dieser eingetragenen Marken, Logos und Domains d\u00fcrfen ohne      vorherige schriftliche Zustimmung von Best Vision \u00a0ist ausnahmslos untersagt.\u00a0\u00a0 <\/li><\/ul>\n\n\n\n<p><strong>Links zu anderen Websites<\/strong><\/p>\n\n\n\n<ul class=\"wp-block-list\"><li>Die Website kann Textlinks (die &#8218;Links&#8216;) zu anderen Websites enthalten, die keine offensichtliche Verbindung zu der Website haben. Best Vision kontrolliert oder \u00fcberwacht weder  diese Websites,noch dessen Inhalte und Regeln <\/li><li>Jegliche Verlinkung zu anderen Websites ist \u00a0keinesfalls \u00a0als eine Best Vision-Aktivit\u00e4t zur F\u00f6rderung dieser Websites und\/oder der auf ihnen ver\u00f6ffentlichten Inhalte zu verstehen.\u00a0\u00a0 \u00a0<\/li><\/ul>\n\n\n\n<p><strong>Cookies<\/strong><\/p>\n\n\n\n<p>Die Website kann Sitzungscookies enthalten (die nicht dauerhaft auf dem Computer des Benutzers gespeichert werden sondern beim Schlie\u00dfen des Browsers wieder gel\u00f6scht werden), um den Benutzern eine optimalere Nutzung der Website zu erm\u00f6glichen. Zum Erhalten von Cookies, k\u00f6nnen Sie Ihren Browser so konfigurieren, dass Sie \u00fcber dessen Vorhandensein benachrichtigt werden und dann entscheiden, ob Sie diese akzeptieren oder nicht. Es ist ebenfalls m\u00f6glich den Browser so zu konfigurieren, dass dieser automatisch alle Cookies ablehnt. In diesem Fall ist es jedoch m\u00f6glich, dass der Benutzer nicht auf alle auf der Website verf\u00fcgbaren Dienste in vollem Umfang zugreifen kann.<\/p>\n\n\n\n<p><strong>Haftungsbeschr\u00e4nkungen<\/strong><\/p>\n\n\n\n<ul class=\"wp-block-list\"><li>Der Benutzer nimmt zur Kenntnis und  akzeptiert, dass sein Zugang als auch die Navigation auf der Website selbst  auf eigenes Risiko und g\u00e4nzlich im eigenen Verantwortungsbereich \u00a0liegt .<\/li><li>Der Benutzer nimmt zur Kenntnis und akzeptiert ebenfalls, dass die Website &#8218;as is&#8216; und &#8218;as available&#8216; zur  Verf\u00fcgung gestellt wird und dass sie vor\u00fcbergehend nicht zug\u00e4nglich sein-oder aktuelle M\u00e4ngel oder Verz\u00f6gerungen enthalten kann.\u00a0\u00a0 <\/li><li>Best Vision \u00fcbernimmt keine Verantwortung f\u00fcr den Inhalt, die      Materialien und\/oder die Informationen, die von den Benutzern auf der  Website in die virtuellen Programme der R\u00e4ume eingegeben werden, die Best Vision den Benutzern f\u00fcr die Interaktion mit der Website zur Verf\u00fcgung stellt (&#8222;Benutzerinhalte&#8220;).\u00a0\u00a0      <\/li><li>Best Vision ist nicht verantwortlich f\u00fcr Verluste oder Sch\u00e4den, die sich aus der Nutzung oder dem Betrieb der Website ergeben oder in irgendeiner Weise damit zusammenh\u00e4ngen, einschlie\u00dflich, unter anderem, Sch\u00e4den durch Gesch\u00e4ftsverlust, entgangenen  Gewinn, Gesch\u00e4ftsunterbrechung, Verlust von Gesch\u00e4ftsinformationen      und\/oder jede andere Art von Verm\u00f6genssch\u00e4den, au\u00dfer im Falle von      Fehlverhalten, Vorsatz oder grober Fahrl\u00e4ssigkeit von Best Vision.\u00a0\u00a0 \u00a0\u00a0<\/li><\/ul>\n\n\n\n<p><strong>Missbrauchsmeldung<\/strong><\/p>\n\n\n\n<ul class=\"wp-block-list\"><li>Benutzer, die Inhalte von Benutzern identifiziert haben, die sie f\u00fcr illegal, unangemessen, beleidigend oder vulg\u00e4r halten, haben Best Vision umgehend dar\u00fcber in Kenntnis zu setzen, indem sie das unten auf der Website verf\u00fcgbare Meldeformular f\u00fcr  Missbrauch ausf\u00fcllen.&nbsp;&nbsp; <\/li><li>Der Nutzer wird zu einem verantwortungsvollen Umgang &nbsp;dieser      Berichte aufgefordert. F\u00fcr jene Berichte, die sich als unbegr\u00fcndet und\/oder unrechtm\u00e4\u00dfig erweisen, wwird der Nutzer zur Verantwortung gezogen.<\/li><\/ul>\n\n\n\n<p><strong>Anwendbares Recht<\/strong><\/p>\n\n\n\n<p>Die rechtlichen Hinweise richten sich nach Schweizer Recht,  dem Gericht von Genfer. <br>Best Vision Group.<\/p>\n","protected":false},"excerpt":{"rendered":"Rechtliche Hinweise Nutzungsbedingungen &nbsp;Die Website bestvision.group ist das exklusive Eigentum der Best Vision Group (im Folgenden als &#8222;Best Vision&#8220; oder &#8222;Best Vision Group&#8220; bezeichnet). Der Zugang und die Navigation auf der Website ist f\u00fcr den einzelnen Benutzer kostenlos und setzt die Annahme der Bedingungen dieser rechtlichen Hinweise voraus. Der Benutzer anerkennt und akzeptiert in jedem&#8230; <a class=\"view-article\" href=\"https:\/\/bestvision.group\/de\/home\/responsibility\/\">Artikel ansehen<\/a>","protected":false},"author":4,"featured_media":0,"parent":1193,"menu_order":0,"comment_status":"closed","ping_status":"closed","template":"responsibility.php","meta":{"footnotes":""},"class_list":["post-1228","page","type-page","status-publish","hentry"],"_links":{"self":[{"href":"https:\/\/bestvision.group\/de\/wp-json\/wp\/v2\/pages\/1228"}],"collection":[{"href":"https:\/\/bestvision.group\/de\/wp-json\/wp\/v2\/pages"}],"about":[{"href":"https:\/\/bestvision.group\/de\/wp-json\/wp\/v2\/types\/page"}],"author":[{"embeddable":true,"href":"https:\/\/bestvision.group\/de\/wp-json\/wp\/v2\/users\/4"}],"replies":[{"embeddable":true,"href":"https:\/\/bestvision.group\/de\/wp-json\/wp\/v2\/comments?post=1228"}],"version-history":[{"count":0,"href":"https:\/\/bestvision.group\/de\/wp-json\/wp\/v2\/pages\/1228\/revisions"}],"up":[{"embeddable":true,"href":"https:\/\/bestvision.group\/de\/wp-json\/wp\/v2\/pages\/1193"}],"wp:attachment":[{"href":"https:\/\/bestvision.group\/de\/wp-json\/wp\/v2\/media?parent=1228"}],"curies":[{"name":"wp","href":"https:\/\/api.w.org\/{rel}","templated":true}]}}