{"id":1223,"date":"2019-10-31T08:23:27","date_gmt":"2019-10-31T08:23:27","guid":{"rendered":"https:\/\/bestvision.group\/home\/privacy-policies\/"},"modified":"2020-05-08T13:06:44","modified_gmt":"2020-05-08T13:06:44","slug":"privacy-policies","status":"publish","type":"page","link":"https:\/\/bestvision.group\/de\/home\/privacy-policies\/","title":{"rendered":"Privacy-policies"},"content":{"rendered":"\n<h2 class=\"wp-block-heading\"><strong>Datenpolitik<\/strong><\/h2>\n\n\n\n<p><strong>DATENPOLITIK<\/strong><\/p>\n\n\n\n<p><strong>Gegenstand: <\/strong>Informationen Gem\u00e4\u00df Art. 13 der Verordnung (EU) 679\/2016 und der Gesetzgebung der einzelnen EU-Mitgliedsstaaten. Gem\u00e4\u00df Art. 13 der EU-Verordnung Nr. 2016\/679 (im Folgenden &#8222;GDPR 2016\/679&#8220;) und der Gesetzgebung der einzelnen EU-Mitgliedsstaaten (im Folgenden &#8222;Datenschutzgesetz&#8220;), die Bestimmungen zum Schutz von Personen und anderen Subjekten bez\u00fcglich der Verarbeitung von personenbezogenen Daten enth\u00e4lt, m\u00f6chten wir Sie dar\u00fcber informieren, dass die von Ihnen zur Verf\u00fcgung gestellten personenbezogenen Daten in \u00dcbereinstimmung mit dem oben genannten Gesetz und den Vertraulichkeitsverpflichtungen verarbeitet werden, zu deren Einhaltung alle Unternehmen der Gruppe BEST VISION GROUP verpflichtet sind.<\/p>\n\n\n\n<p><strong>Welche Daten verarbeiten wir?<\/strong><\/p>\n\n\n\n<ul class=\"wp-block-list\"><li>Daten, die  durch das Ausf\u00fcllen des Anmeldeformulars eingegeben werden (Vor- und  Nachname, Adresse und E-Mail-Adresse, Telefon- und Handynummer, Daten zu  Ihrem beruflichen Werdegang oder den Angaben wir Ihrem Lebenslauf entnehmen k\u00f6nnen, sowie zu Ihrem Gesundheitszustand);<\/li><li>Daten \u00fcber die Navigation auf unserer Website, z.B. verkehrsbezogene Daten, Standort,  Website-Besuche, Weblog, IP-Adresse, das Betriebssystem und den verwendeten Browser, Cookies;<\/li><li>Daten, die  Sie uns per E-Mail, Umfrage sowie \u00fcber unsere Kontaktmodule oder \u00fcber LinkedIn zur Verf\u00fcgung stellen.<\/li><\/ul>\n\n\n\n<p><strong>Wozu verwenden wir Ihre Daten?<\/strong><\/p>\n\n\n\n<p>Wir verwenden Ihre Daten zur Nachbereitung eines eventuellen Bewerbungsgespr\u00e4chs f\u00fcr eine freie Stelle im Unternehmen und zur Verwaltung des Arbeitsverh\u00e4ltnisses sowie f\u00fcr kommerzielle Zwecke.<\/p>\n\n\n\n<p>Ihre\nDaten werden gezielt verarbeitet:<\/p>\n\n\n\n<ol class=\"wp-block-list\"><li>Die  Aktivit\u00e4ten zur Vermittlung zwischen Arbeitsangebot und -Nachfrage.<\/li><li>Die  Aktivit\u00e4ten mit kommerziellen Zwecken, die Zusendung von Informationen und      Newslettern.<\/li><li>Die Weitergabe Ihrer Daten an unsere Kunden in der Schweiz und in      Drittstaaten, die auf der Suche nach Personal sind, sowie an jene      \u00f6ffentlichen und privaten Subjekte, von denen der Inhaber mit einer der  unter Punkt 1) genannten T\u00e4tigkeiten beauftragt wurde. Dar\u00fcber hinaus  werden Ihre Daten an Organisationen und Privatpersonen in der Schweiz und  in Drittstaaten \u00fcbermittelt, die den Eigent\u00fcmer bei der Erbringung von  Dienstleistungen (z.B. Netzwerkdienste, Software, Werbung, etc.)  unterst\u00fctzen.<\/li><li> Die Weitergabe Ihrer Daten an Strafverfolgungsbeh\u00f6rden im Falle von Missbrauch <\/li><\/ol>\n\n\n\n<p>Die rechtliche Grundlage dieser T\u00e4tigkeiten ist die Erf\u00fcllung vorvertraglicher und vertraglicher Anforderungen im Zusammenhang mit der Dienstleistung sowie das Bestehen spezifischer rechtlicher Verpflichtungen.<\/p>\n\n\n\n<p><strong>Wie verarbeiten wir Ihre pers\u00f6nlichen Daten?<\/strong><\/p>\n\n\n\n<p>Die Verarbeitung Ihrer pers\u00f6nlichen Daten erfolgt digital oder &nbsp;manuell durch Personen, die intern explizit dazu autorisiert und geschult sind. Die Verarbeitung dieser Daten umfasst nicht die automatisierte Entscheidungsfindung, sondern beinhaltet die Erstellung von Profilen f\u00fcr die mit der Navigation auf der Website verbundenen Aktivit\u00e4ten durch technische Hilfsmittel wie beispielsweise Cookies.<\/p>\n\n\n\n<p><strong>Wie lange werden Ihre Daten gespeichert?<\/strong><\/p>\n\n\n\n<p>Ihre personenbezogenen Daten werden so lange gespeichert, wie es zur Erf\u00fcllung der Aufgaben der Vertragsabwicklung und der daraus resultierenden gesetzlichen Verpflichtungen erforderlich ist. Die auf der Website vom Nutzer angegebenen und vom &nbsp;Herausgeber &nbsp;gespeicherten Daten werden nach 60 Monaten Inaktivit\u00e4t automatisch gel\u00f6scht. 6 Monate vor dem Ablaufdatum erhalten Sie hier\u00fcber eine Benachrichtigung \u00fcber E-Mail.<\/p>\n\n\n\n<p>Die\nDaten derjenigen Nutzer, die keine Produkte\/Dienstleistungen kaufen oder\nnutzen, auch wenn sie vorher mit Vertretern des Unternehmens in Kontakt waren,\nwerden umgehend &nbsp;gel\u00f6scht oder anonym verarbeitet,\nsofern ihre Sicherung nicht anderweitig gerechtfertigt ist Wurde die &nbsp;Zustimmung des Nutzers f\u00fcr eine sp\u00e4teren\nkommerziellen Nutzung oder Marktforschungst\u00e4tigkeiten vom Herausgeber g\u00fcltig erworben,\nk\u00f6nnen seine Daten gesichert werden.<\/p>\n\n\n\n<p>Die maximale Datenspeicherungsdauer betr\u00e4gt 10 Jahre.<\/p>\n\n\n\n<p><strong>Was passiert, wenn Sie uns Ihre Daten nicht zur Verf\u00fcgung stellen?<\/strong><\/p>\n\n\n\n<p>Die Bereitstellung der Nutzerdaten ist f\u00fcr alle gesetzlichen und vertraglichen Verpflichtungen obligatorisch, daher kann eine vollst\u00e4ndige oder teilweise Verweigerung der Bereitstellung der Daten dazu f\u00fchren, dass die vom Herausgaber der Website angeb Dienstleistungen nicht erbracht werden k\u00f6nnen. Das Unternehmen verarbeitet die fakultativen Daten der Benutzer auf der Grundlage ihrer Zustimmung, d.h. durch die ausdr\u00fcckliche Zustimmung zu dieser Datenschutzerkl\u00e4rung und in Bezug auf die im Folgenden beschriebenen Methoden und Zwecke.<\/p>\n\n\n\n<p><strong>Was sind Ihre Rechte?<\/strong><\/p>\n\n\n\n<p>Gem\u00e4\u00df der Europ\u00e4ischen Verordnung 679\/2016 (GDPR) und der nationalen Gesetzgebung kann der Betroffene nach den Verfahren und innerhalb der Grenzen der geltenden Gesetzgebung folgende Rechte aus\u00fcben:<\/p>\n\n\n\n<ul class=\"wp-block-list\"><li>Einforderung  einer Best\u00e4tigung der Verarbeitung Ihrer pers\u00f6nlichen Daten;<\/li><\/ul>\n\n\n\n<p>-um\nden Ursprung, den Zweck und die Ziele der Behandlung kennen;<\/p>\n\n\n\n<ul class=\"wp-block-list\"><li>Die Aktualisierungsm\u00f6glichkeit und Berichtigung der angegebenen Daten , um stets deren Korrektheit zu  gew\u00e4hrleisten;<\/li><li>&nbsp;Die L\u00f6schungsm\u00f6glichkeit personenbezogener Daten, soweit dies zul\u00e4ssig ist, sowie deren Verarbeitung einzuschr\u00e4nken;<\/li><li>DieAktualisierung, Berichtigung, Erg\u00e4nzung, L\u00f6schung, Umwandlung der Daten in anonyme Form, Verlangen  einer Sperrung von gesetzeswidrig verarbeiteten Daten, einschlie\u00dflich  derjenigen, die f\u00fcr die &nbsp;Zweckserf\u00fcllung, f\u00fcr die sie erhoben wurden, nicht mehr erforderlich sind;<\/li><li>Das Recht, bei der Aufsichtsbeh\u00f6rde Beschwerde einzureichen.<\/li><\/ul>\n\n\n\n<p>Der Inhaber der Verarbeitung Ihrer pers\u00f6nlichen Daten ist die Best Vision Group.<\/p>\n\n\n\n<p><strong>Wichtige rechtliche Informationen und Nutzungsbedingungen<\/strong><\/p>\n\n\n\n<p>Personen, die auf diese Website zugreifen, werden gebeten, sowohl den Inhalt dieser Seite als auch den Disclaimer zu lesen. Sie erkl\u00e4renhiermit ihr Einverst\u00e4ndnis mit den nachfolgenden Nutzungsbedingungen, Einschr\u00e4nkungen und gesetzlichen Bestimmungen. Wird dies nicht akzeptiert, sollte weder auf die Best Vision Group (Best Vision) Website (im Folgenden Best Vision Website genannt) noch eine der Seiten und deren Links zugegriffen werden.<\/p>\n\n\n\n<p><strong>Nutzung der Best Vision Website<\/strong><\/p>\n\n\n\n<p>Die Best Vision Website ist urheberrechtlich gesch\u00fctzt. Es ist m\u00f6glich, von der Website herunterzuladen oder auszudrucken, solange das Copyright nicht entfernt wird. Ohne die schriftliche Zustimmung von Best Vision ist die Reproduktion (ganz oder teilweise), die \u00dcbertragung, die \u00c4nderung, die Erstellung von Links oder die Nutzung der Best Vision Website f\u00fcr \u00f6ffentliche, private oder kommerzielle Zwecke untersagt.<\/p>\n\n\n\n<p>Von\nZeit zu Zeit kann Best Vision sowohl den Inhalt dieser Seite, als auch die\nBedingungen des Haftungsausschlusses, \u00e4ndern. Bitte \u00fcberpr\u00fcfen Sie sie daher\nvon Zeit zu Zeit die gebotenen Inhalte. Ihr fortgesetzter Zugriff auf diese\nWebsite oder die Einrichtung eines Links zu dieser Website nach der\nVer\u00f6ffentlichung von \u00c4nderungen an einer der beiden oder an beidem stellt Ihre\nZustimmung zu den \u00c4nderungen dar. Wenn Sie zu irgendeinem Zeitpunkt den Inhalt\ndieser Seite, den Haftungsausschluss oder beides nicht akzeptieren wollen,\nm\u00fcssen Sie den Zugriff auf diese Website oder die Verlinkung zu dieser Website\neinstellen.<\/p>\n\n\n\n<p>Sollte durch die Benutzung dieser Website ein Rechtsverh\u00e4ltnis zwischen den Personen, die auf diese Website zugreifen, und Best Vision entstehen, so unterliegt dieses dem schweizerischen Recht.<\/p>\n\n\n\n<p><strong>Cookies-Richtlinie auf BestVision\u00ae Seiten<\/strong><\/p>\n\n\n\n<p> Best Vision verwendet HTTP-Cookies, um die Nutzung seiner Internetseiten zu vereinfachen. Diese Erkl\u00e4rung soll Sie \u00fcber den Einsatz von Cookies auf unseren Websites informieren..<\/p>\n\n\n\n<p><strong>Was sind Cookies?<\/strong><br><br>Cookies sind kleine Datenmengen, die von einer Website gesendet und im Webbrowser des Nutzers gespeichert werden, w\u00e4hrend der Nutzer auf &nbsp;dieser Website surft. Sie erm\u00f6glichen die Sammlung von Informationen, um die \u00fcber unseren Internetauftritt zug\u00e4nglichen Dienstleistungen zu verbessern.<\/p>\n\n\n\n<p>Mit\ndiesen Informationen ist es m\u00f6glich, den Traffic auf unseren Internetseiten zu\nanalysieren (Anzahl der Besuche, IP-Adressen, etc.).<\/p>\n\n\n\n<p>Diese Informationen werden gesammelt, wenn Sie unsere Website besuchen, und es erm\u00f6glicht uns zu wissen, welche Teile unserer Seiten f\u00fcr die Besucher der Website interessant sind. So lernen wir die Bed\u00fcrfnisse der Nutzer besser kennen , um den Inhalt unserer Website durch die Bereitstellung gezielterer Informationen verbessern.<\/p>\n\n\n\n<p><strong>Wie kann ich Cookies verwalten?<\/strong><br><\/p>\n\n\n\n<p>Die Vorgehensweise bei der Parametrierung von Cookies ist individuall und abh\u00e4ngig vom verwendeten Internetbrowser. Sie k\u00f6nnen selbst entscheiden, ob unsere Website berechtigt ist, Cookies auf Ihrem Computer zu verwenden. Sie haben jederzeit die M\u00f6glichkeit, Ihre Browser-Optionen so zu bestimmen, dass kein Cookie akzeptiert und gespeichert wird. Sie haben auch die M\u00f6glichkeit, sich jedes Mal eine Warnmeldung anzeigen zu lassen, bevor Cookies akzeptiert werden. <\/p>\n\n\n\n<p><strong>Kann ich die Verwendung von Cookies ablehnen?<\/strong><br><\/p>\n\n\n\n<p>Sie k\u00f6nnen jederzeit die Verwendung von Cookies auf unseren Internetseiten ablehnen, wenn Sie diese besuchen.<\/p>\n\n\n\n<p>In diesem Fall kann die Nutzung bestimmter Funktionen auf unserer Website jedoch eingeschr\u00e4nkt oder deaktiviert werden<\/p>\n","protected":false},"excerpt":{"rendered":"Datenpolitik DATENPOLITIK Gegenstand: Informationen Gem\u00e4\u00df Art. 13 der Verordnung (EU) 679\/2016 und der Gesetzgebung der einzelnen EU-Mitgliedsstaaten. Gem\u00e4\u00df Art. 13 der EU-Verordnung Nr. 2016\/679 (im Folgenden &#8222;GDPR 2016\/679&#8220;) und der Gesetzgebung der einzelnen EU-Mitgliedsstaaten (im Folgenden &#8222;Datenschutzgesetz&#8220;), die Bestimmungen zum Schutz von Personen und anderen Subjekten bez\u00fcglich der Verarbeitung von personenbezogenen Daten enth\u00e4lt, m\u00f6chten wir&#8230; <a class=\"view-article\" href=\"https:\/\/bestvision.group\/de\/home\/privacy-policies\/\">Artikel ansehen<\/a>","protected":false},"author":4,"featured_media":0,"parent":1193,"menu_order":0,"comment_status":"closed","ping_status":"closed","template":"privacy.php","meta":{"footnotes":""},"class_list":["post-1223","page","type-page","status-publish","hentry"],"_links":{"self":[{"href":"https:\/\/bestvision.group\/de\/wp-json\/wp\/v2\/pages\/1223"}],"collection":[{"href":"https:\/\/bestvision.group\/de\/wp-json\/wp\/v2\/pages"}],"about":[{"href":"https:\/\/bestvision.group\/de\/wp-json\/wp\/v2\/types\/page"}],"author":[{"embeddable":true,"href":"https:\/\/bestvision.group\/de\/wp-json\/wp\/v2\/users\/4"}],"replies":[{"embeddable":true,"href":"https:\/\/bestvision.group\/de\/wp-json\/wp\/v2\/comments?post=1223"}],"version-history":[{"count":0,"href":"https:\/\/bestvision.group\/de\/wp-json\/wp\/v2\/pages\/1223\/revisions"}],"up":[{"embeddable":true,"href":"https:\/\/bestvision.group\/de\/wp-json\/wp\/v2\/pages\/1193"}],"wp:attachment":[{"href":"https:\/\/bestvision.group\/de\/wp-json\/wp\/v2\/media?parent=1223"}],"curies":[{"name":"wp","href":"https:\/\/api.w.org\/{rel}","templated":true}]}}