{"id":1208,"date":"2019-10-31T08:41:40","date_gmt":"2019-10-31T08:41:40","guid":{"rendered":"https:\/\/bestvision.group\/home\/conditions-of-use\/"},"modified":"2021-09-16T12:52:31","modified_gmt":"2021-09-16T12:52:31","slug":"conditions-of-use","status":"publish","type":"page","link":"https:\/\/bestvision.group\/de\/home\/conditions-of-use\/","title":{"rendered":"Conditions-of-use"},"content":{"rendered":"\n<h2 class=\"wp-block-heading\">Nutzungsbedingungen<\/h2>\n\n\n\n<h4 class=\"wp-block-heading\">Allgemeine Regeln und Definitionen<\/h4>\n\n\n\n<p>Bei der Nutzung der mit der Website Best Vision Group verbundenen Dienstleistungen (im Folgenden &#8222;die Dienstleistungen&#8220; oder &#8222;der Service&#8220; genannt) muss der Nutzer die unten aufgef\u00fchrten Bedingungen und Nutzungsbedingungen einhalten. Diese Bedingungen gelten f\u00fcr die Best Vision Group und Verwalter der Inhalte der Website und der damit verbundenen Dienstleistungen.<br> <br>Best Vision Group beh\u00e4lt sich das Recht vor, diese Bedingungen zu \u00e4ndern, Daten hinzuzuf\u00fcgen oder zu entfernen, &nbsp;sofern involvierte Parteien durch die Ver\u00f6ffentlichung von \u00c4nderungen auf der Website oder per E-Mail informiert werden. Es ist erforderlich, dass jeder Nutzer diese Bedingungen regalm\u00e4\u00dfig \u00fcberpr\u00fcft, um die \u00c4nderungen zu ermitteln, die nach der letzten Standortabfrage aufgetreten sind. In jedem Fall bedeutet die Nutzung der Website und ihrer Dienste die Annahme der zwischenzeitlich eingetretenen \u00c4nderungen.<br> <br>Werden die \u00c4nderungen nicht akzeptiert, kann der Benutzer sein Konto jederzeit schriftlich \u00fcber info@bestvision.group oder per Einschreiben mit R\u00fcckschein an Best Vision Group, zu k\u00fcndigen <br> , ungeachtet dessen, ob die weitere Nutzung der Dienstleistungen die Annahme der neuen Bedingungen voraussetz<br> <br>Best Vision Group beh\u00e4lt sich das Recht vor, die Dienstleistungen zu \u00e4ndern, auszusetzen oder sogar teilweise zu unterbrechen, einschlie\u00dflich des Zugriffs auf die Datenbank oder den Inhalt. Die Best Vision Group kann auch Zugangs- oder Servicebeschr\u00e4nkungen einf\u00fchren, ganz oder teilweise ohne vorherige Ank\u00fcndigung und ohne die Verantwortung f\u00fcr diese Servicebeschr\u00e4nkung zu \u00fcbernehmen.<\/p>\n\n\n\n<h4 class=\"wp-block-heading\">Inhalte und Dienste der Website bestvision.group und deren Nutzung durch die Nutzer<\/h4>\n\n\n\n<p>Die Inhalte und Dienste der Bestvision.Group-Site sind f\u00fcr den pers\u00f6nlichen und nicht-professionellen Gebrauch bestimmt. Alle auf der Website ver\u00f6ffentlichten Materialien (einschlie\u00dflich z.B. informativer Artikel, Fotos, Bilder, Illustrationen, Audio- und\/oder Videoaufzeichnungen, im Folgenden auch als &#8222;Inhalt&#8220; bezeichnet) sind durch das Urheberrecht gesch\u00fctzt. Diese sind Eigentum des Herausgebers oder derjenigen, die rechtm\u00e4\u00dfig \u00fcber entsprechende Rechte verf\u00fcgen. Der Benutzer muss alle zus\u00e4tzlichen Informationen beachten, die auf der Website in Bezug auf das geistige Eigentum der Inhalte, auf die durch die Dienste der Website zugegriffen wird, vorhanden sein k\u00f6nnen.<br><br>Die Dienstleistungen der Website und ihr Inhalt sind durch die in der Schweiz in der USA geltenden Urheberrechtsgesetze und durch internationale Urheberrechtsgesetze gesch\u00fctzt. Der Benutzer ist nicht berechtigt, den Inhalt oder die Dienstleistungen (einschlie\u00dflich der Software) dieser Website, auch nicht teilweise, zu \u00e4ndern, zu ver\u00f6ffentlichen, zu \u00fcbertragen, zu teilen, in Gebrauch zu nehmen, zu reproduzieren (\u00fcber die unten angegebenen Grenzen hinaus), neu zu verarbeiten, zu verteilen, auszuf\u00fchren, Zugang zu gew\u00e4hren oder kommerziell zu verwerten.<br><br>Der Benutzer ist f\u00fcr den pers\u00f6nlichen Gebrauch berechtigt, den Inhalt und jedes andere herunterladbare Material, das \u00fcber die Dienste der Website zur Verf\u00fcgung steht, herunterzuladen oder zu kopieren. Dies setzt voraus,dass er alle auf der Website angegebenen Urheberrechte und andere Angaben getreu wiedergibt. Die Reproduktion und Sammlung von Inhalten f\u00fcr andere Zwecke als den pers\u00f6nlichen Gebrauch ist ohne ausdr\u00fcckliche, vorherige, schriftliche Genehmigung des Herausgebers oder des Inhabers der Urheberrechte, wie auf der Website angegeben, ausdr\u00fccklich untersagt.<br><br> Der Herausgeber \u00fcbernimmt keinerlei Verantwortung auf ver\u00f6ffentlichte Inhalte, die von Presseagenturen oder anderen Websites stammen, , &nbsp;bez\u00fcglich Unvollst\u00e4ndigkeit, Ungenauigkeiten, Fehler, Auslassungen bez\u00fcglich der Integrit\u00e4t der Informationen und daraus resultierenden Folgesch\u00e4den..<br><br>Der rss-Dienst, bestehend aus Informationsinhalten, die durch &#8218;Aggregationsprogramme&#8216; auf den Computer heruntergeladen werden k\u00f6nnen, wird nur f\u00fcr den pers\u00f6nlichen Gebrauch zug\u00e4nglich gemacht und jegliche kommerzielle Nutzung ist untersagt.Jegliche weitere Verwendung, wie z.B. das Einf\u00fcgen von Werbebotschaften, die Kombination mit Produkten oder die verl\u00e4ngerte Lieferung zu Werbezwecken sind ebenfalls ausnahmslos untersagt. Der Benutzer darf die Dienstleistungen von rss und die Verbindungen, die von der Website bestvision.group kommen, keineswegs ver\u00e4ndern oder an Dritte weitergeben. Der rss-Dienst und die entsprechenden Inhalte sind durch die italienischen Urheberrechtsgesetze und die entsprechenden internationalen Vorschriften gesch\u00fctzt.<br><br> Der Herausgeber beh\u00e4lt sich das Recht vor, den rss-Dienst jederzeit und ohne vorherige Ank\u00fcndigung zu unterbrechen und\/oder den Benutzer daran zu hindern, das heruntergeladene Material einschr\u00e4nkungslos zu nutzen. Der Herausgeber \u00fcbernimmt keine Verantwortung in Bezug auf den Inhalt und den rss-Service und dessen Nutzung in Bezug auf Sch\u00e4den oder Nutzungsbeschr\u00e4nkungen von Websites, Computern, die diese Dienste und Inhalte genutzt haben. <\/p>\n\n\n\n<h4 class=\"wp-block-heading\">Zugang und Serviceverf\u00fcgbarkeit. Verwendung von Links<\/h4>\n\n\n\n<p>Die Website der Bestvision.group enth\u00e4lt Links zu anderen Internet-Ressourcen. Der Herausgeber ist weder verantwortlich f\u00fcr die tats\u00e4chliche Erreichbarkeit, dessenVerf\u00fcgbarkeit noch f\u00fcr den Inhalt dieser externen Links.. Daher wird der Nutzer aufgefordert, sich bei Problemen mit den Inhalten an den Administrator oder den Webmaster der zugeh\u00f6rigen externen Quellen zu wenden.<\/p>\n\n\n\n<h4 class=\"wp-block-heading\">Registrierung und Sicherheit<\/h4>\n\n\n\n<p>Im Rahmen der Registrierung muss der Benutzer seine eigene Benutzer-ID und sein eigenes Passwort w\u00e4hlen.<br> <br> Die Benutzerkennung darf ausschlie\u00dflich auf die Identit\u00e4t des Nutzers schlie\u00dfen. Eine Benutzerkennung mit der Absicht die Identit\u00e4t einer anderen Person zu verwenden ist unzul\u00e4ssig.. Dar\u00fcber hinaus k\u00f6nnen Sie die Benutzerkennung einer anderen Person nicht ohne dessen ausdr\u00fcckliche Genehmigung verwenden. Es ist untersagt eine Benutzerkennung zu verwenden, die der Herausgeber nach eigenem Ermessen als sch\u00e4dlich f\u00fcr die Rechte Dritter oder in jedem Fall als beleidigend oder skandal\u00f6s einstuft.<br> <br> Das vom Benutzer bei der Registrierung f\u00fcr die Dienstleistungen gew\u00e4hlte, in das entsprechende Formular oder die Registrierungsformulare eingegebene Passwort, ist pers\u00f6nlich und nicht \u00fcbertragbar. Der Nutzer hat das Passwort mit gr\u00f6\u00dfter Sorgfalt aufbewahren und das Passwort vertraulich behandeln, um die Nutzung des Dienstes durch unbefugte Dritte zu vermeiden. Daher ist der Nutzer selber sie f\u00fcr die Verwendung der vorgenannten Kennungen durch befugte oder unbefugte Dritte sowie f\u00fcr Sch\u00e4den, die dem Blog-Besitzer, dem Redakteur und\/oder Dritten aufgrund der Nichteinhaltung der vorstehenden Bestimmungen entstehen, verantwortlich.<br> <br> Die Nichteinhaltung dieser Regeln f\u00fchrt zu einem Versto\u00df gegen die vorliegenden allgemeinen Nutzungsbedingungen und kann zur sofortigen L\u00f6schung des unzul\u00e4ssig gef\u00fchrten Kontos f\u00fchren. Im Falle einer tats\u00e4chlichen oder potentiell unbefugten Nutzung Ihres Kontos wird<br> &nbsp;der Benutzer aufgefordert, dies umgehend schriftlich an info@bestvision.group oder durch ein beglaubigtes Schreiben mit Empfangsbest\u00e4tigung an Best Vision Group. Hier sind s\u00e4mtliche bekannten, relevanten Informationen \u00fcber die Verletzung und die Meldung von Verlust, unbefugter Entf\u00fchrung, Passwortdiebstahl und pers\u00f6nlichen Daten zu benennen.<br> <br> Der Nutzer ist sich bewusst, dass das Mindestalter auf 18 Jahre datiert ist, um sich f\u00fcr den Dienst zu registrieren, auch wenn es keine Alterskontrolle gibt, um zu dem Dienst zu nutzen. Personen unter 18 Jahren obliegen der Aufsichtspflicht der Erziehungsberechtigen.<br> <br> Der Benutzer ist voll verantwortlich f\u00fcr jede Handlung, die \u00fcber seinen Account, entweder direkt oder durch von ihm autorisierte Dritte, durchgef\u00fchrt wird. Jede missbr\u00e4uchliche, betr\u00fcgerische oder illegale Nutzung ist die Ursache f\u00fcr eine sofortige L\u00f6schung des Kontos, beurteilt nach Ermessen des Herausgebers und\/oder des Administrators der Website, unbeschadet der Aus\u00fcbung jeglicher rechtlicher Schritte durch die berechtigten Parteien.<\/p>\n\n\n\n<h4 class=\"wp-block-heading\">Dienstleistungskosten und Zahlungen<\/h4>\n\n\n\n<p>Die Dienstleistungen vor Ort sind kostenlos, sofern nicht anders angegeben. Der Herausgeber und der Betreiber der Website behalten sich das Recht vor, f\u00fcr den Zugang zu Teilen der Website, bestimmten Diensten oder der gesamten Website eine Geb\u00fchr zu erheben. In jedem Fall wird der Herausgeber kein Honorar verlangen, wenn er nicht vorher eine ausdr\u00fcckliche Zustimmung &nbsp;f\u00fcr dieses Angebot eingeholt hat. Wenn also der Herausgeber oder der Administrator der Website in Zukunft eine Geb\u00fchr f\u00fcr den Zugang zu Teilen der Website oder Dienstleistungen, die derzeit kostenlos sind, verlangt, erh\u00e4lt der Nutzer eine spezielle Mitteilung mit einer detaillierten Angabe dieser Kosten, die dem Nutzer die M\u00f6glichkeit gibt, zu w\u00e4hlen, ob er diesem Dienst beitreten m\u00f6chte. Im Falle der Annahme dieses Angebotes zahlt der Nutzer diese Geb\u00fchr in der von ihm gew\u00e4hlten Form zu den bei der Annahme der Dienstleistung festgelegten Kosten.<\/p>\n\n\n\n<h4 class=\"wp-block-heading\">Kommunikation zwischen dem Herausgeber und dem Administrator der Website und dem Benutzer<\/h4>\n\n\n\n<p>Wenn der Nutzer bei der Online-Registrierung angibt, dass er Informationen vom Redakteur, vom Administrator der Website und von den Elementen mit diesen Korrelaten erhalten m\u00f6chte, k\u00f6nnen die Kontaktdaten des Benutzers mit seiner Zustimmung und in \u00dcbereinstimmung mit der geltenden Gesetzgebung verwendet werden. &nbsp;Nach dieser Zustimmung ist der Herausgeber befugt dem Nutzer Werbematerial zuzusenden.<br> Der Herausgeber und der Administrator der Website behalten sich in jedem Fall das Recht vor, dem Benutzer Mitteilungen per E-Mail zu senden, um ihn \u00fcber \u00c4nderungen oder Erg\u00e4nzungen in Bezug auf die Website und die damit verbundenen Dienstleistungen zu informieren.<br> <br>Die statistischen Daten und die mit der Nutzung der Website verbundenen Daten k\u00f6nnen, nachdem sie anonym sind, vom Herausgeber und dem Administrator der Website f\u00fcr Forschungs- und Analyset\u00e4tigkeiten verwendet werden. F\u00fcr weitere Details kann der Benutzer die Informationen \u00fcber die Verarbeitung von personenbezogenen Daten einsehen.<br> <br>Der Redakteur und der Administrator der Website k\u00f6nnen den Nutzer per E-Mail kontaktieren, um an Umfragen, Anfragen f\u00fcr Kommentare zur Website und zu bestehenden oder zu erstellenden &nbsp;Produkten und Dienstleistungen teilzunehmen. Diese Informationen werden nicht an Dritte weitergegeben, au\u00dfer in aggregierter Form falls dies nur zur Verbesserung der Website und der Dienstleistungen &nbsp;dient.<\/p>\n\n\n\n<h4 class=\"wp-block-heading\">Software-Nutzungslizenzen<\/h4>\n\n\n\n<p>Der Nutzer der Website erwirbt keine Rechte &nbsp;f\u00fcr &nbsp;&nbsp;die Verwendung der auf der Website vorhandenen Software, au\u00dferhalb des f\u00fcr den Gebrauch der Dienstleistungen erforderlichen Nutzungsrahmens. Der Nutzer kann daher keine Nutzungsrechte an solcher Software einr\u00e4umen, Lizenzen \u00fcbertragen oder abtreten. Der Benutzer ist ausschlie\u00dflich berechtigt, eine Kopie der Software f\u00fcr den pers\u00f6nlichen Gebrauch anzufertigen Es ist untersagt die Software zu vertreiben, zu ver\u00e4ndern, umzuarbeiten oder abgeleitete Werke davon zu zeichnen.<\/p>\n\n\n\n<h4 class=\"wp-block-heading\">Zeitraum des Kontos<\/h4>\n\n\n\n<p>Der Benutzer hat jederzeit das Recht sein Konto schriftlich an info@bestvision.group oder durch ein beglaubigtes Schreiben mit Empfangsbest\u00e4tigung an &nbsp;die Best Vision Group,&nbsp; Industriestrasse 47, 6300 Zug, &nbsp;zu k\u00fcndigen. Der Nutzer erh\u00e4lt eine Mitteilung, die den Eingang des Antrags und die anschlie\u00dfende L\u00f6schung des Kontos best\u00e4tigt. Es wird davon ausgegangen, dass der Benutzer f\u00fcr alle Aktivit\u00e4ten, die mit dem Konto durchgef\u00fchrt werden, bis zum Zeitpunkt der tats\u00e4chlichen Deaktivierung selbst verantwortlich ist. Der Herausgeber und\/oder &nbsp;der Administrator der Website k\u00f6nnen nach eigenem Ermessen den Zugang zu der gesamten Website und den Diensten oder einem Teil davon, aus konkreten Gr\u00fcnden, einschlie\u00dflich, aber nicht beschr\u00e4nkt auf, Verst\u00f6\u00dfe gegen die in diesen Bedingungen f\u00fcr den Zugang zum Dienst beschriebenen Regeln, annullieren oder vor\u00fcbergehend &nbsp;sperren.<\/p>\n\n\n\n<h4 class=\"wp-block-heading\">Verschiedenes<\/h4>\n\n\n\n<p>Diese Zugangsbedingungen wurden unter Ber\u00fccksichtigung der in der Schweiz geltenden Gesetze formuliert. Zust\u00e4ndig f\u00fcr die Anwendung dieser Regeln ist das Gericht in Zug.<br> <br> Diese Zugangsbedingungen m\u00fcssen in \u00dcbereinstimmung mit den auf der Website bestvision.group festgelegten allgemeinen Regeln angewandt und ausgelegt werden.<br> <br> Der Benutzer kann sich an Best Vision Group wenden oder eine E-Mail an info@bestvision.group senden, um sich \u00fcber diese Zugangsbedingungen zu informieren.<br> <br> Der Nutzer erkl\u00e4rt, dass er sich verpflichtet, den Herausgeber \u00fcber jeglichen\u00a0 Versto\u00df gegen diese Zugangsbedingungen zu informieren, sobald er davon Kenntnis erlangt. Insbesondere im Falle von rechtlichen Verst\u00f6\u00dfen, im Zusammenhang mit der Verletzung des Urheberrechts in Bezug auf die von der Website oder den damit verbundenen Diensten ver\u00f6ffentlichten Materialien, wird der Benutzer aufgefordert, alle ihm bekannten Informationen, an info@bestvision.group schreibt oder einen eingeschriebenen A \/ R Brief an Best Vision Group.<\/p>\n\n\n\n<h4 class=\"wp-block-heading\">Schutz personenbezogener Daten<\/h4>\n\n\n\n<p>Die vom Benutzer angegebenen pers\u00f6nlichen Daten werden gem\u00e4\u00df den Bestimmungen des Gesetzesdekrets 196\/2003 &#8222;Datenschutzgesetz&#8220; und dessen \u00c4nderungen und sp\u00e4teren Erg\u00e4nzungen gesch\u00fctzt. Der Herausgeber legt die Verwaltungsmethoden zum Schutz der Privatsph\u00e4re der Nutzer der Website, in der Datenschutzerkl\u00e4rung (auf der Website angegeben) offen.<br> <br> Alle pers\u00f6nlichen Informationen, die an die Website gesendet werden, werden in \u00dcbereinstimmung mit dem Datenschutzgesetz behandelt. Jegliche nicht-pers\u00f6nliche Informationen, die dem Herausgeber, dem Administrator der Website und\/oder dem Blog-Eigent\u00fcmer mitgeteilt werden (einschlie\u00dflich Ideen, Zeichnungen, Projekte usw.), geben Letzterem das Recht, diese nicht-pers\u00f6nlichen Informationen zu nutzen, zu reproduzieren, anzuzeigen, auszuf\u00fchren, zu modifizieren, zu ver\u00f6ffentlichen und &nbsp;weiterzugeben. Die Weitergabe der genannten Informationen f\u00fchrt automatisch zur kostenlosen \u00dcbertragung dieser Informationen mit allen weitergehenden Rechten und Befugnissen an Best Vision Group.<br> <br> Die Seite bietet informative und interaktive Inhalte. W\u00e4hrend Sie sich auf der Website befinden, k\u00f6nnen Sie auf folgende Weise Informationen \u00fcber den Besucher erhalten:<\/p>\n\n\n\n<h4 class=\"wp-block-heading\">Navigationsdaten<\/h4>\n\n\n\n<p>Die Website sammelt technische Informationen \u00fcber die von den Besuchern verwendete Hard- und Software, indem sie autonome Tools zur Analyse von Verbindungsdateien verwendet. Diese Informationen beziehen sich auf:IP-Adresse<\/p>\n\n\n\n<p>Browser-Typ<\/p>\n\n\n\n<p>Internetanbieter<\/p>\n\n\n\n<p>Das Betriebssystem<\/p>\n\n\n\n<p>Domain-Name und  Website-Adressen, von denen aus Sie zugegriffen haben oder die Sie ausgegeben haben (Verweis \/ Ausgabe von Seiten)<\/p>\n\n\n\n<p>Informationen \u00fcber die von den Lesern besuchten Seiten innerhalb der WebsiteZugriffszeitZugriffszeitBleiben Sie auf einer SeiteInterne Routenanalyse (Clickstream)Video-Aufl\u00f6sungAnschlussartLand, von dem aus sich der Benutzer verbindetVorhandensein von installierten Java-PluginsDiese Informationen stellen keine pers\u00f6nlichen Daten des Nutzers, sondern nur technische \/ IT-Daten, die gesammelt und verwendet werden, in einer aggregierten und anonymen Weise mit dem alleinigen Zweck zur Verbesserung der Qualit\u00e4t der Dienstleistung und der Bereitstellung auf die Nutzung der Website. Diese Daten werden unmittelbar nach der Verarbeitung gel\u00f6scht.<\/p>\n\n\n\n<h4 class=\"wp-block-heading\">Vom Benutzer zur Verf\u00fcgung gestellte Daten<\/h4>\n\n\n\n<p>Nach Kenntnisnahme der Informationen, kann der Benutzer selbst seine pers\u00f6nlichen Daten auf der Website angeben, , um auf bestimmte Dienstleistungen zuzugreifen oder Anfragen per E-Mail zu senden. Dies bedeutet, dass der Herausgeber der Website die Adresse des Nutzers und\/oder andere pers\u00f6nliche Daten erwirbt, die ausschlie\u00dflich zur Beantwortung der Anfragen oder zur Bereitstellung der angeforderten Dienstleistung verarbeitet werden. In jedem Fall wird vor der Aktivierung eines bestimmten Dienstes eine angemessene Information erteilt und, wenn n\u00f6tig, die aktive Zustimmung zur Verarbeitung personenbezogener Daten vom Herausgeber eingeholt. Diese Zustimmung kann jederzeit nachtr\u00e4glich widerrufen werden, woraufhin die M\u00f6glichkeit der Nutzung des betreffenden Dienstes entf\u00e4llt. Die gesammelten Daten werden ausschlie\u00dflich f\u00fcr die Zeit gespeichert, die notwendig ist, um den Zweck zu erreichen, f\u00fcr den die Verarbeitung durchgef\u00fchrt wird, d.h. die Aktivierung\/Verwaltung des angeforderten Dienstes.<\/p>\n\n\n\n<h4 class=\"wp-block-heading\">Cookies<\/h4>\n\n\n\n<p>Cookies sind Informationen, die w\u00e4hrend des Besuchs einer Website auf dem Computer gespeichert werden k\u00f6nnen, um Nutzungsdaten zu verarbeiten und zu identifizieren. Die Cookie-Datei ist in der Regel sehr klein und tr\u00e4gt nicht zur S\u00e4ttigung des physischen Speicherplatzes der Festplatte bei. Das Cookie wird zu Registrierungszwecken auf die Festplatte des Benutzers \u00fcbertragen, um sich zu &#8218;merken&#8216;, welche Bereiche einer Website besucht wurden. Diese Option spart Zeit und erm\u00f6glicht es dem Benutzer, die wichtigsten Teile einer zuvor besuchten Website schneller zu erreichen. Es gibt verschiedene Arten von Cookies:<\/p>\n\n\n\n<ul class=\"wp-block-list\"><li>Permanent; d.h. sie bleiben auf der Festplatte, auch wenn der Browser geschlossen wird.<\/li><li>Tempor\u00e4r oder Sessional; die nur f\u00fcr die Dauer der Navigation gespeichert werden und beim Schlie\u00dfen  des Browsers vom Computer entfernt werden.<\/li><li>Von Dritten die von einer  anderen Website als der, die Sie gerade besuchen, generiert wurden.<\/li><\/ul>\n\n\n\n<p>Die vom Inhaber der Website verwendeten Cookies sind eine Kombination dieser drei Arten: einige werden nur zum Er\u00f6ffnen und Aufrechterhalten einer Sitzung verwendet (tempor\u00e4re Cookies). In diesem Fall werden sie durch das Schlie\u00dfen der Sitzung oder des Browsers sowohl f\u00fcr uns als auch f\u00fcr Dritte unbrauchbar, auch wenn sie physisch auf dem verwendeten PC verbleiben (permanente Cookies). F\u00fcr rein statistische Zwecke werden auch Cookies von Dritten zur Messung von aggregierten Informationen ausgegeben. Zur Aufrechterhaltung der der Erwartungen und Interessen des Benutzers , wird eine st\u00e4ndige Analyse der in den Cookies gesammelten Daten durchgef\u00fchrt; diese Daten ergeben ausschlie\u00dflich in in anonymer Form &nbsp;wider, wie die Website genutzt wird, d.h. die Bereiche und Abschnitte, die f\u00fcr den Browser als am interessantesten und n\u00fctzlichsten angesehen werden. Der Benutzer hat das Recht, seinen Browser so zu konfigurieren, dass er Cookies ganz oder teilweiseakzeptiert oder ablehnt. Wir weisen jedoch darauf hin, dass &nbsp;das Ablehnen von Cookies, dazu f\u00fchren kann, dass die Dienstleistung im Falle des Zugangs zu bestimmten Bereichen der Website nicht erbracht werden kann. Dem &nbsp;Nutzer steht offen, jeweils am Ende jeder Browsing-Session sowohl den Navigations-Cache als auch die gesammelten Cookies von seiner Festplatte zu l\u00f6schen<br> <br> Die Verarbeitung erfolgt durch automatisierte Tools (z.B. mit elektronischen Verfahren und Mitteln) und\/oder manuell (z.B. auf Papier) f\u00fcr die Zeit, die unbedingt notwendig ist, um die Zwecke zu erreichen, f\u00fcr die die Daten gesammelt wurden, und in jedem Fall unter Einhaltung der geltenden Rechtsvorschriften.<br><\/p>\n\n\n\n<h4 class=\"wp-block-heading\">Deaktivierung von Cookies im Browser<\/h4>\n\n\n\n<p>Nachfolgend aufgelistet sindAnweisungen zur Konfiguration von Cookies in den wichtigsten Browsern:<\/p>\n\n\n\n<ul class=\"wp-block-list\"><li>Chrome: Einstellungen -&gt; Erweiterte Optionen anzeigen -&gt; Privatsph\u00e4re -&gt; Inhaltseinstellungen<br>F\u00fcr weitere Informationen k\u00f6nnen Sie den Google-Support oder die Hilfe des Browsers konsultieren.&nbsp;&nbsp;&nbsp;&nbsp; <\/li><li>Firefox: Extras -&gt; Optionen -&gt; Privatsph\u00e4re -&gt; Historie -&gt; Benutzerdefinierte Einstellungen. <br> F\u00fcr weitere Informationen k\u00f6nnen Sie den Mozilla-Support oder die Hilfe des Browsers konsultieren.&nbsp;&nbsp;&nbsp;&nbsp; <\/li><li>Internet Explorer: Extras -&gt; Internetoptionen -&gt; Privatsph\u00e4re -&gt; Einstellung. <br>F\u00fcr weitere Informationen k\u00f6nnen Sie den Microsoft-Support oder die Hilfe des Browsers konsultieren.&nbsp;&nbsp;&nbsp;&nbsp; <\/li><li>Safari: Pr\u00e4ferenzen -&gt; Sicherheit.  F\u00fcr weitere Informationen k\u00f6nnen Sie den Apple-Support oder die Hilfe des Browsers konsultieren.   <\/li><\/ul>\n\n\n\n<p>&nbsp;&nbsp;&nbsp;&nbsp;<\/p>\n","protected":false},"excerpt":{"rendered":"Nutzungsbedingungen Allgemeine Regeln und Definitionen Bei der Nutzung der mit der Website Best Vision Group verbundenen Dienstleistungen (im Folgenden &#8222;die Dienstleistungen&#8220; oder &#8222;der Service&#8220; genannt) muss der Nutzer die unten aufgef\u00fchrten Bedingungen und Nutzungsbedingungen einhalten. Diese Bedingungen gelten f\u00fcr die Best Vision Group und Verwalter der Inhalte der Website und der damit verbundenen Dienstleistungen. Best&#8230; <a class=\"view-article\" href=\"https:\/\/bestvision.group\/de\/home\/conditions-of-use\/\">Artikel ansehen<\/a>","protected":false},"author":4,"featured_media":0,"parent":1193,"menu_order":0,"comment_status":"closed","ping_status":"closed","template":"conditions.php","meta":{"footnotes":""},"class_list":["post-1208","page","type-page","status-publish","hentry"],"_links":{"self":[{"href":"https:\/\/bestvision.group\/de\/wp-json\/wp\/v2\/pages\/1208"}],"collection":[{"href":"https:\/\/bestvision.group\/de\/wp-json\/wp\/v2\/pages"}],"about":[{"href":"https:\/\/bestvision.group\/de\/wp-json\/wp\/v2\/types\/page"}],"author":[{"embeddable":true,"href":"https:\/\/bestvision.group\/de\/wp-json\/wp\/v2\/users\/4"}],"replies":[{"embeddable":true,"href":"https:\/\/bestvision.group\/de\/wp-json\/wp\/v2\/comments?post=1208"}],"version-history":[{"count":0,"href":"https:\/\/bestvision.group\/de\/wp-json\/wp\/v2\/pages\/1208\/revisions"}],"up":[{"embeddable":true,"href":"https:\/\/bestvision.group\/de\/wp-json\/wp\/v2\/pages\/1193"}],"wp:attachment":[{"href":"https:\/\/bestvision.group\/de\/wp-json\/wp\/v2\/media?parent=1208"}],"curies":[{"name":"wp","href":"https:\/\/api.w.org\/{rel}","templated":true}]}}